{"id":8890,"date":"2025-02-17T19:05:14","date_gmt":"2025-02-17T16:05:14","guid":{"rendered":"https:\/\/elipsdizayn.com\/cevizbasim\/?page_id=8890"},"modified":"2025-02-23T10:21:46","modified_gmt":"2025-02-23T07:21:46","slug":"hakkimizda","status":"publish","type":"page","link":"https:\/\/cevizbasim.com\/?page_id=8890","title":{"rendered":"Hakk\u0131m\u0131zda"},"content":{"rendered":"\t\t<div data-elementor-type=\"wp-page\" data-elementor-id=\"8890\" class=\"elementor elementor-8890\">\n\t\t\t\t\t\t<section class=\"elementor-section elementor-top-section elementor-element elementor-element-ca13d3a elementor-section-full_width elementor-section-height-default elementor-section-height-default\" data-id=\"ca13d3a\" data-element_type=\"section\">\n\t\t\t\t\t\t<div class=\"elementor-container elementor-column-gap-no\">\n\t\t\t\t\t<div class=\"elementor-column elementor-col-100 elementor-top-column elementor-element elementor-element-4dd325f\" data-id=\"4dd325f\" data-element_type=\"column\">\n\t\t\t<div class=\"elementor-widget-wrap\">\n\t\t\t\t\t\t\t<\/div>\n\t\t<\/div>\n\t\t\t\t\t<\/div>\n\t\t<\/section>\n\t\t\t\t<section class=\"elementor-section elementor-top-section elementor-element elementor-element-9bef2bd elementor-section-stretched elementor-section-full_width elementor-section-height-default elementor-section-height-default\" data-id=\"9bef2bd\" data-element_type=\"section\" data-settings=\"{&quot;stretch_section&quot;:&quot;section-stretched&quot;,&quot;background_background&quot;:&quot;classic&quot;}\">\n\t\t\t\t\t\t<div class=\"elementor-container elementor-column-gap-no\">\n\t\t\t\t\t<div class=\"elementor-column elementor-col-50 elementor-top-column elementor-element elementor-element-6a6ac02\" data-id=\"6a6ac02\" data-element_type=\"column\">\n\t\t\t<div class=\"elementor-widget-wrap elementor-element-populated\">\n\t\t\t\t\t\t<div class=\"elementor-element elementor-element-1c4629d elementor-widget elementor-widget-image\" data-id=\"1c4629d\" data-element_type=\"widget\" data-widget_type=\"image.default\">\n\t\t\t\t<div class=\"elementor-widget-container\">\n\t\t\t\t\t\t\t\t\t\t\t\t\t\t\t<img fetchpriority=\"high\" decoding=\"async\" width=\"1180\" height=\"480\" src=\"https:\/\/cevizbasim.com\/wp-content\/uploads\/2025\/02\/About-us-banner.jpg\" class=\"attachment-2048x2048 size-2048x2048 wp-image-9156\" alt=\"\" srcset=\"https:\/\/cevizbasim.com\/wp-content\/uploads\/2025\/02\/About-us-banner.jpg 1180w, https:\/\/cevizbasim.com\/wp-content\/uploads\/2025\/02\/About-us-banner-300x122.jpg 300w, https:\/\/cevizbasim.com\/wp-content\/uploads\/2025\/02\/About-us-banner-1024x417.jpg 1024w, https:\/\/cevizbasim.com\/wp-content\/uploads\/2025\/02\/About-us-banner-768x312.jpg 768w\" sizes=\"(max-width: 1180px) 100vw, 1180px\" \/>\t\t\t\t\t\t\t\t\t\t\t\t\t\t\t<\/div>\n\t\t\t\t<\/div>\n\t\t\t\t\t<\/div>\n\t\t<\/div>\n\t\t\t\t<div class=\"elementor-column elementor-col-50 elementor-top-column elementor-element elementor-element-9c4967d\" data-id=\"9c4967d\" data-element_type=\"column\">\n\t\t\t<div class=\"elementor-widget-wrap elementor-element-populated\">\n\t\t\t\t\t\t<div class=\"elementor-element elementor-element-f74426e elementor-widget elementor-widget-heading\" data-id=\"f74426e\" data-element_type=\"widget\" data-widget_type=\"heading.default\">\n\t\t\t\t<div class=\"elementor-widget-container\">\n\t\t\t\t\t<h4 class=\"elementor-heading-title elementor-size-default\">2018 y\u0131l\u0131ndan bu yana hizmetinizdeyiz<\/h4>\t\t\t\t<\/div>\n\t\t\t\t<\/div>\n\t\t\t\t<div class=\"elementor-element elementor-element-9f940de elementor-widget elementor-widget-heading\" data-id=\"9f940de\" data-element_type=\"widget\" data-widget_type=\"heading.default\">\n\t\t\t\t<div class=\"elementor-widget-container\">\n\t\t\t\t\t<h3 class=\"elementor-heading-title elementor-size-default\">Hakk\u0131m\u0131zda <\/h3>\t\t\t\t<\/div>\n\t\t\t\t<\/div>\n\t\t\t\t<div class=\"elementor-element elementor-element-cf015d4 elementor-widget elementor-widget-text-editor\" data-id=\"cf015d4\" data-element_type=\"widget\" data-widget_type=\"text-editor.default\">\n\t\t\t\t<div class=\"elementor-widget-container\">\n\t\t\t\t\t\t\t\t\t<p>CEV\u0130ZBASIM misyonu gere\u011fi ilk g\u00fcnden bu yana m\u00fc\u015fteri memnuniyetini ve g\u00fcvenini kazanmak \u00fczere hareket ediyoruz.\u00a0<\/p>\t\t\t\t\t\t\t\t<\/div>\n\t\t\t\t<\/div>\n\t\t\t\t<div class=\"elementor-element elementor-element-a1e49fe elementor-widget elementor-widget-button\" data-id=\"a1e49fe\" data-element_type=\"widget\" data-widget_type=\"button.default\">\n\t\t\t\t<div class=\"elementor-widget-container\">\n\t\t\t\t\t\t\t\t\t<div class=\"elementor-button-wrapper\">\n\t\t\t\t\t<a class=\"elementor-button elementor-button-link elementor-size-sm\" href=\"#\">\n\t\t\t\t\t\t<span class=\"elementor-button-content-wrapper\">\n\t\t\t\t\t\t\t\t\t<span class=\"elementor-button-text\">Neler Yap\u0131yoruz?<\/span>\n\t\t\t\t\t<\/span>\n\t\t\t\t\t<\/a>\n\t\t\t\t<\/div>\n\t\t\t\t\t\t\t\t<\/div>\n\t\t\t\t<\/div>\n\t\t\t\t\t<\/div>\n\t\t<\/div>\n\t\t\t\t\t<\/div>\n\t\t<\/section>\n\t\t\t\t<section class=\"elementor-section elementor-top-section elementor-element elementor-element-4c71615 ffff elementor-section-boxed elementor-section-height-default elementor-section-height-default\" data-id=\"4c71615\" data-element_type=\"section\" data-settings=\"{&quot;background_background&quot;:&quot;classic&quot;}\">\n\t\t\t\t\t\t<div class=\"elementor-container elementor-column-gap-no\">\n\t\t\t\t\t<div class=\"elementor-column elementor-col-50 elementor-top-column elementor-element elementor-element-df4886b\" data-id=\"df4886b\" data-element_type=\"column\">\n\t\t\t<div class=\"elementor-widget-wrap elementor-element-populated\">\n\t\t\t\t\t\t<div class=\"elementor-element elementor-element-95f0d20 elementor-widget elementor-widget-printify_about2\" data-id=\"95f0d20\" data-element_type=\"widget\" data-widget_type=\"printify_about2.default\">\n\t\t\t\t<div class=\"elementor-widget-container\">\n\t\t\t\t\t\t <!-- about-section -->\n<div class=\"about2 service-content\">\n\t<div class=\"title\">\n\t\t<span>Bask\u0131ya Dair Her Alanda \u00c7\u00f6z\u00fcm Orta\u011f\u0131n\u0131z Olmak \u0130stiyoruz...<\/span>\n\t\t<h2>Hakk\u0131m\u0131zda <\/h2>\n\t<\/div><!-- \/.title -->\n\t<p>Bask\u0131ya dair her alanda \u00e7\u00f6z\u00fcm orta\u011f\u0131n\u0131z olmak, her ad\u0131mda daha g\u00fc\u00e7l\u00fc basmak, daha \u00e7evik olmak ve daha iyisini yapmak i\u00e7in var\u0131z. D\u00fc\u015f\u00fck maliyet, y\u00fcksek standartlardaki \u00fcr\u00fcnlerimizle sizin i\u00e7in \u00e7al\u0131\u015f\u0131yoruz.<\/p>\n<p>\nM\u00fc\u015fterilerimize sundugumuz hizmetlerde, istikrarl\u0131, kaliteli, \u00e7evreye ve \u00e7al\u0131\u015fanlara duyarl\u0131, teknolojiyi en \u00fcst seviyede kullanan, sekt\u00f6r\u00fcnde \u00f6rnek ve \u00f6nc\u00fc bir kurum olabilmektir.\n<p>Her t\u00fcrl\u00fc bask\u0131l\u0131 i\u015fleriniz i\u00e7in bizi arayabilirsiniz.\n\n<\/p>\t<div class=\"btn-box\">\n\t\t<a href=\"#\" class=\"thm-btn yellow-bg\">ileti\u015fim<\/a><!--\n\t\t-->\n\t\t<div class=\"phone-btn\"><i class=\"fas fa-phone\"><\/i>+90 554 940 1 996<\/div><!-- \/.phone-btn -->\n\t<\/div><!-- \/.btn-box -->\n<\/div><!-- \/.service-content -->\n                   \n                \n\t\t\t\t\t\t<\/div>\n\t\t\t\t<\/div>\n\t\t\t\t\t<\/div>\n\t\t<\/div>\n\t\t\t\t<div class=\"elementor-column elementor-col-50 elementor-top-column elementor-element elementor-element-ba16b5e\" data-id=\"ba16b5e\" data-element_type=\"column\">\n\t\t\t<div class=\"elementor-widget-wrap elementor-element-populated\">\n\t\t\t\t\t\t<div class=\"elementor-element elementor-element-715912b elementor-widget elementor-widget-printify_product_block\" data-id=\"715912b\" data-element_type=\"widget\" data-widget_type=\"printify_product_block.default\">\n\t\t\t\t<div class=\"elementor-widget-container\">\n\t\t\t\t\t\n<div class=\"service-right-content\">\n<div class=\"inner\">\n\t<div class=\"divider hor\"><\/div><!-- \/.divider -->\n\t<div class=\"divider ver\"><\/div><!-- \/.divider -->\n\t<div class=\"row\">\n\t\t\n\t\t\n\t\t<div class=\"col-sm-6\">\n\t\t\t<div class=\"single-service-one hvr-bounce-to-bottom\">\n\t\t\t\t<i class=\" icon-icon-2\"><\/i>\n\t\t\t\t<a href=\"http:\/\/z.commonsupport.com\/printify\/service-details\/\"><h3>Matbaa<\/h3><\/a>\n\t\t\t<\/div><!-- \/.single-service-one -->\n\t\t<\/div><!-- \/.col-sm-6 -->\n\t\t\n\t\t<div class=\"col-sm-6\">\n\t\t\t<div class=\"single-service-one hvr-bounce-to-bottom\">\n\t\t\t\t<i class=\" printify-icon-big-bag-with-handles\"><\/i>\n\t\t\t\t<a href=\"http:\/\/z.commonsupport.com\/printify\/service-details\/\"><h3>Promosyon<\/h3><\/a>\n\t\t\t<\/div><!-- \/.single-service-one -->\n\t\t<\/div><!-- \/.col-sm-6 -->\n\t\t\n\t\t<div class=\"col-sm-6\">\n\t\t\t<div class=\"single-service-one hvr-bounce-to-bottom\">\n\t\t\t\t<i class=\" printify-icon-old-camera\"><\/i>\n\t\t\t\t<a href=\"http:\/\/z.commonsupport.com\/printify\/service-details\/\"><h3>Reklam<\/h3><\/a>\n\t\t\t<\/div><!-- \/.single-service-one -->\n\t\t<\/div><!-- \/.col-sm-6 -->\n\t\t\n\t\t<div class=\"col-sm-6\">\n\t\t\t<div class=\"single-service-one hvr-bounce-to-bottom\">\n\t\t\t\t<i class=\" printify-icon-billboard-with-text\"><\/i>\n\t\t\t\t<a href=\"http:\/\/z.commonsupport.com\/printify\/service-details\/\"><h3>Tabela<\/h3><\/a>\n\t\t\t<\/div><!-- \/.single-service-one -->\n\t\t<\/div><!-- \/.col-sm-6 -->\n\t\t\n\t\t\n\t<\/div><!-- \/.row -->\n<\/div><!-- \/.inner -->\n<\/div><!-- \/.service-right-content -->\n\t\n\t\t\t\t\t\t<\/div>\n\t\t\t\t<\/div>\n\t\t\t\t\t<\/div>\n\t\t<\/div>\n\t\t\t\t\t<\/div>\n\t\t<\/section>\n\t\t\t\t<section class=\"elementor-section elementor-top-section elementor-element elementor-element-5ddb2c4 elementor-section-stretched elementor-section-full_width elementor-section-height-default elementor-section-height-default\" data-id=\"5ddb2c4\" data-element_type=\"section\" data-settings=\"{&quot;stretch_section&quot;:&quot;section-stretched&quot;,&quot;background_background&quot;:&quot;classic&quot;}\">\n\t\t\t\t\t\t<div class=\"elementor-container elementor-column-gap-no\">\n\t\t\t\t\t<div class=\"elementor-column elementor-col-100 elementor-top-column elementor-element elementor-element-3b25e2f\" data-id=\"3b25e2f\" data-element_type=\"column\">\n\t\t\t<div class=\"elementor-widget-wrap elementor-element-populated\">\n\t\t\t\t\t\t<div class=\"elementor-element elementor-element-06edb8c elementor-widget elementor-widget-printify_clients\" data-id=\"06edb8c\" data-element_type=\"widget\" data-widget_type=\"printify_clients.default\">\n\t\t\t\t<div class=\"elementor-widget-container\">\n\t\t\t\t\t\t\t\n\n     <script>\n jQuery(document).ready(function($) {\n\n\/\/put the js code under this line \n\n    if ($(\".brand-carousel\").length) {\n        $(\".brand-carousel\").owlCarousel({\n            loop: true,\n            margin: 90,\n            nav: false,         \n            dots: false,\n            autoWidth: false,\n            autoplay: true,\n            autoplayTimeout: 3000,\n            autoplayHoverPause: true,\n            responsive: {\n                0: {\n                    items: 1\n                },\n                480: {\n                    items: 2\n                },\n                568: {\n                    items: 3\n                },\n                600: {\n                    items: 4\n                },\n                823: {\n                    items: 4\n                },\n                1000: {\n                    items: 6\n                }\n            }\n        });\n    }; \n\n\/\/put the code above the line \n\n  });\n<\/script>\t\t\n\t\t<div class=\"brand-carousel-wrapper\">\n\t\t\t<div class=\"thm-container\">\n\t\t\t\t<div class=\"brand-carousel owl-theme owl-carousel\">\n\t\t\t\t\t\n\t\t\t\t\t\n\t\t\t\t\t<div class=\"item\">\n\t\t\t\t\t\t<img decoding=\"async\" src=\"http:\/\/z.commonsupport.com\/printify\/wp-content\/uploads\/2021\/01\/1.png\" alt=\"Clients\"\/>\n\t\t\t\t\t<\/div><!-- \/.item -->\n\t\t\t\t\t\t\n\t\t\t\t\t<div class=\"item\">\n\t\t\t\t\t\t<img decoding=\"async\" src=\"http:\/\/z.commonsupport.com\/printify\/wp-content\/uploads\/2021\/01\/2.png\" alt=\"Clients\"\/>\n\t\t\t\t\t<\/div><!-- \/.item -->\n\t\t\t\t\t\t\n\t\t\t\t\t<div class=\"item\">\n\t\t\t\t\t\t<img decoding=\"async\" src=\"http:\/\/z.commonsupport.com\/printify\/wp-content\/uploads\/2021\/01\/3.png\" alt=\"Clients\"\/>\n\t\t\t\t\t<\/div><!-- \/.item -->\n\t\t\t\t\t\t\n\t\t\t\t\t<div class=\"item\">\n\t\t\t\t\t\t<img decoding=\"async\" src=\"http:\/\/z.commonsupport.com\/printify\/wp-content\/uploads\/2021\/01\/4.png\" alt=\"Clients\"\/>\n\t\t\t\t\t<\/div><!-- \/.item -->\n\t\t\t\t\t\t\n\t\t\t\t\t<div class=\"item\">\n\t\t\t\t\t\t<img decoding=\"async\" src=\"http:\/\/z.commonsupport.com\/printify\/wp-content\/uploads\/2021\/01\/5.png\" alt=\"Clients\"\/>\n\t\t\t\t\t<\/div><!-- \/.item -->\n\t\t\t\t\t\t\n\t\t\t\t\t<div class=\"item\">\n\t\t\t\t\t\t<img decoding=\"async\" src=\"http:\/\/z.commonsupport.com\/printify\/wp-content\/uploads\/2021\/01\/6.png\" alt=\"Clients\"\/>\n\t\t\t\t\t<\/div><!-- \/.item -->\n\t\t\t\t\t\t\n\t\t\t\t\t<div class=\"item\">\n\t\t\t\t\t\t<img decoding=\"async\" src=\"http:\/\/z.commonsupport.com\/printify\/wp-content\/uploads\/2021\/01\/6.png\" alt=\"Clients\"\/>\n\t\t\t\t\t<\/div><!-- \/.item -->\n\t\t\t\t\t\t\n\t\t\t\t\t<div class=\"item\">\n\t\t\t\t\t\t<img decoding=\"async\" src=\"http:\/\/z.commonsupport.com\/printify\/wp-content\/uploads\/2021\/01\/7.png\" alt=\"Clients\"\/>\n\t\t\t\t\t<\/div><!-- \/.item -->\n\t\t\t\t\t\t\n\t\t\t\t\t<div class=\"item\">\n\t\t\t\t\t\t<img decoding=\"async\" src=\"http:\/\/z.commonsupport.com\/printify\/wp-content\/uploads\/2021\/01\/7.png\" alt=\"Clients\"\/>\n\t\t\t\t\t<\/div><!-- \/.item -->\n\t\t\t\t\t  \n\t\t\t\t<\/div><!-- \/.brand-carousel -->\n\t\t\t<\/div><!-- \/.thm-container -->\n\t\t<\/div><!-- \/.brand-carousel-wrapper -->\t\t\t\n\n        \n        \t\t\t\t<\/div>\n\t\t\t\t<\/div>\n\t\t\t\t\t<\/div>\n\t\t<\/div>\n\t\t\t\t\t<\/div>\n\t\t<\/section>\n\t\t\t\t<\/div>\n\t\t","protected":false},"excerpt":{"rendered":"<p>2018 y\u0131l\u0131ndan bu yana hizmetinizdeyiz Hakk\u0131m\u0131zda CEV\u0130ZBASIM misyonu gere\u011fi ilk g\u00fcnden bu yana m\u00fc\u015fteri memnuniyetini ve g\u00fcvenini kazanmak \u00fczere hareket ediyoruz.\u00a0 Neler Yap\u0131yoruz? Bask\u0131ya Dair Her Alanda \u00c7\u00f6z\u00fcm Orta\u011f\u0131n\u0131z Olmak \u0130stiyoruz&#8230; Hakk\u0131m\u0131zda Bask\u0131ya dair her alanda \u00e7\u00f6z\u00fcm orta\u011f\u0131n\u0131z olmak, her ad\u0131mda daha g\u00fc\u00e7l\u00fc basmak, daha \u00e7evik olmak ve daha iyisini yapmak i\u00e7in var\u0131z. D\u00fc\u015f\u00fck maliyet, [&hellip;]<\/p>\n","protected":false},"author":1,"featured_media":0,"parent":0,"menu_order":0,"comment_status":"closed","ping_status":"closed","template":"elementor_header_footer","meta":{"footnotes":""},"class_list":["post-8890","page","type-page","status-publish","hentry"],"_links":{"self":[{"href":"https:\/\/cevizbasim.com\/index.php?rest_route=\/wp\/v2\/pages\/8890","targetHints":{"allow":["GET"]}}],"collection":[{"href":"https:\/\/cevizbasim.com\/index.php?rest_route=\/wp\/v2\/pages"}],"about":[{"href":"https:\/\/cevizbasim.com\/index.php?rest_route=\/wp\/v2\/types\/page"}],"author":[{"embeddable":true,"href":"https:\/\/cevizbasim.com\/index.php?rest_route=\/wp\/v2\/users\/1"}],"replies":[{"embeddable":true,"href":"https:\/\/cevizbasim.com\/index.php?rest_route=%2Fwp%2Fv2%2Fcomments&post=8890"}],"version-history":[{"count":23,"href":"https:\/\/cevizbasim.com\/index.php?rest_route=\/wp\/v2\/pages\/8890\/revisions"}],"predecessor-version":[{"id":9193,"href":"https:\/\/cevizbasim.com\/index.php?rest_route=\/wp\/v2\/pages\/8890\/revisions\/9193"}],"wp:attachment":[{"href":"https:\/\/cevizbasim.com\/index.php?rest_route=%2Fwp%2Fv2%2Fmedia&parent=8890"}],"curies":[{"name":"wp","href":"https:\/\/api.w.org\/{rel}","templated":true}]}}