{"id":9017,"date":"2025-02-18T23:42:34","date_gmt":"2025-02-18T20:42:34","guid":{"rendered":"https:\/\/elipsdizayn.com\/cevizbasim\/?page_id=9017"},"modified":"2025-02-23T15:50:49","modified_gmt":"2025-02-23T12:50:49","slug":"promosyon","status":"publish","type":"page","link":"https:\/\/cevizbasim.com\/?page_id=9017","title":{"rendered":"Promosyon"},"content":{"rendered":"\t\t<div data-elementor-type=\"wp-page\" data-elementor-id=\"9017\" class=\"elementor elementor-9017\">\n\t\t\t\t\t\t<section class=\"elementor-section elementor-top-section elementor-element elementor-element-0f76adf elementor-section-full_width elementor-section-height-default elementor-section-height-default\" data-id=\"0f76adf\" data-element_type=\"section\">\n\t\t\t\t\t\t<div class=\"elementor-container elementor-column-gap-no\">\n\t\t\t\t\t<div class=\"elementor-column elementor-col-100 elementor-top-column elementor-element elementor-element-87399af\" data-id=\"87399af\" data-element_type=\"column\">\n\t\t\t<div class=\"elementor-widget-wrap\">\n\t\t\t\t\t\t\t<\/div>\n\t\t<\/div>\n\t\t\t\t\t<\/div>\n\t\t<\/section>\n\t\t\t\t<section class=\"elementor-section elementor-top-section elementor-element elementor-element-e8077f4 elementor-section-stretched elementor-section-full_width elementor-section-height-min-height elementor-section-height-default elementor-section-items-middle\" data-id=\"e8077f4\" data-element_type=\"section\" data-settings=\"{&quot;stretch_section&quot;:&quot;section-stretched&quot;,&quot;background_background&quot;:&quot;classic&quot;}\">\n\t\t\t\t\t\t<div class=\"elementor-container elementor-column-gap-no\">\n\t\t\t\t\t<div class=\"elementor-column elementor-col-50 elementor-top-column elementor-element elementor-element-17b11bb\" data-id=\"17b11bb\" data-element_type=\"column\">\n\t\t\t<div class=\"elementor-widget-wrap elementor-element-populated\">\n\t\t\t\t\t\t<div class=\"elementor-element elementor-element-5584e95 elementor-widget elementor-widget-image\" data-id=\"5584e95\" data-element_type=\"widget\" data-widget_type=\"image.default\">\n\t\t\t\t<div class=\"elementor-widget-container\">\n\t\t\t\t\t\t\t\t\t\t\t\t\t\t\t<img fetchpriority=\"high\" decoding=\"async\" width=\"773\" height=\"356\" src=\"https:\/\/cevizbasim.com\/wp-content\/uploads\/2025\/02\/promobrand.jpg\" class=\"attachment-2048x2048 size-2048x2048 wp-image-9210\" alt=\"\" srcset=\"https:\/\/cevizbasim.com\/wp-content\/uploads\/2025\/02\/promobrand.jpg 773w, https:\/\/cevizbasim.com\/wp-content\/uploads\/2025\/02\/promobrand-300x138.jpg 300w, https:\/\/cevizbasim.com\/wp-content\/uploads\/2025\/02\/promobrand-768x354.jpg 768w\" sizes=\"(max-width: 773px) 100vw, 773px\" \/>\t\t\t\t\t\t\t\t\t\t\t\t\t\t\t<\/div>\n\t\t\t\t<\/div>\n\t\t\t\t\t<\/div>\n\t\t<\/div>\n\t\t\t\t<div class=\"elementor-column elementor-col-50 elementor-top-column elementor-element elementor-element-65cd924\" data-id=\"65cd924\" data-element_type=\"column\">\n\t\t\t<div class=\"elementor-widget-wrap elementor-element-populated\">\n\t\t\t\t\t\t<div class=\"elementor-element elementor-element-a1cfab2 elementor-widget elementor-widget-heading\" data-id=\"a1cfab2\" data-element_type=\"widget\" data-widget_type=\"heading.default\">\n\t\t\t\t<div class=\"elementor-widget-container\">\n\t\t\t\t\t<h4 class=\"elementor-heading-title elementor-size-default\">Anahtarl\u0131k, kalem, bardak, ajanda...<\/h4>\t\t\t\t<\/div>\n\t\t\t\t<\/div>\n\t\t\t\t<div class=\"elementor-element elementor-element-b277b6e elementor-widget elementor-widget-heading\" data-id=\"b277b6e\" data-element_type=\"widget\" data-widget_type=\"heading.default\">\n\t\t\t\t<div class=\"elementor-widget-container\">\n\t\t\t\t\t<h3 class=\"elementor-heading-title elementor-size-default\">Promosyon<\/h3>\t\t\t\t<\/div>\n\t\t\t\t<\/div>\n\t\t\t\t\t<\/div>\n\t\t<\/div>\n\t\t\t\t\t<\/div>\n\t\t<\/section>\n\t\t\t\t<section class=\"elementor-section elementor-top-section elementor-element elementor-element-da45bf7 elementor-section-stretched elementor-section-boxed elementor-section-height-default elementor-section-height-default\" data-id=\"da45bf7\" data-element_type=\"section\" data-settings=\"{&quot;stretch_section&quot;:&quot;section-stretched&quot;,&quot;background_background&quot;:&quot;classic&quot;}\">\n\t\t\t\t\t\t<div class=\"elementor-container elementor-column-gap-no\">\n\t\t\t\t\t<div class=\"elementor-column elementor-col-50 elementor-top-column elementor-element elementor-element-838ff53\" data-id=\"838ff53\" data-element_type=\"column\">\n\t\t\t<div class=\"elementor-widget-wrap elementor-element-populated\">\n\t\t\t\t\t\t<div class=\"elementor-element elementor-element-8c6f9e9 elementor-widget elementor-widget-heading\" data-id=\"8c6f9e9\" data-element_type=\"widget\" data-widget_type=\"heading.default\">\n\t\t\t\t<div class=\"elementor-widget-container\">\n\t\t\t\t\t<h4 class=\"elementor-heading-title elementor-size-default\">m\u00fc\u015fterilerinin memnuniyetini artt\u0131rmak i\u00e7in<\/h4>\t\t\t\t<\/div>\n\t\t\t\t<\/div>\n\t\t\t\t<div class=\"elementor-element elementor-element-0e970a0 elementor-widget elementor-widget-heading\" data-id=\"0e970a0\" data-element_type=\"widget\" data-widget_type=\"heading.default\">\n\t\t\t\t<div class=\"elementor-widget-container\">\n\t\t\t\t\t<h3 class=\"elementor-heading-title elementor-size-default\">Promosyon<\/h3>\t\t\t\t<\/div>\n\t\t\t\t<\/div>\n\t\t\t\t<div class=\"elementor-element elementor-element-561adda elementor-widget elementor-widget-text-editor\" data-id=\"561adda\" data-element_type=\"widget\" data-widget_type=\"text-editor.default\">\n\t\t\t\t<div class=\"elementor-widget-container\">\n\t\t\t\t\t\t\t\t\t<p>Promosyon \u00fcr\u00fcnleri, \u015firketlerin bilinirliklerini ve ayn\u0131 zamanda m\u00fc\u015fterilerinin memnuniyetini artt\u0131rmak i\u00e7in kullan\u0131lan en etkili bask\u0131l\u0131 reklam ara\u00e7lar\u0131ndan biridir. \u015eirketler yeni y\u0131lda, bayram vb. \u00f6zel g\u00fcnlerde m\u00fc\u015fterilerine promosyon \u00fcr\u00fcnlerini g\u00f6ndererek m\u00fc\u015fteri memnuniyeti sa\u011flarlar. Reklamlar\u0131n\u0131 daha geni\u015f kitlelere duyurmak isteyen \u015firketler ise kendi logo ve adres bilgilerinin yer ald\u0131\u011f\u0131 promosyon \u00fcr\u00fcnlerini kat\u0131ld\u0131klar\u0131 etkinliklerde da\u011f\u0131t\u0131rlar ve b\u00f6ylelikle marka bilinirli\u011fini artt\u0131r\u0131lar.<\/p>\t\t\t\t\t\t\t\t<\/div>\n\t\t\t\t<\/div>\n\t\t\t\t<div class=\"elementor-element elementor-element-697f306 elementor-widget elementor-widget-text-editor\" data-id=\"697f306\" data-element_type=\"widget\" data-widget_type=\"text-editor.default\">\n\t\t\t\t<div class=\"elementor-widget-container\">\n\t\t\t\t\t\t\t\t\t<div class=\"elementor-element elementor-element-7a37821 elementor-widget elementor-widget-text-editor\" data-id=\"7a37821\" data-element_type=\"widget\" data-settings=\"{&quot;navigation&quot;:&quot;both&quot;}\" data-widget_type=\"text-editor.default\"><div class=\"elementor-widget-container\"><p>Her t\u00fcrl\u00fc promosyon i\u015fleriniz i\u00e7in bizi arayabilirsiniz.<br \/>+90 554 940 1 996<\/p><\/div><\/div>\t\t\t\t\t\t\t\t<\/div>\n\t\t\t\t<\/div>\n\t\t\t\t\t<\/div>\n\t\t<\/div>\n\t\t\t\t<div class=\"elementor-column elementor-col-50 elementor-top-column elementor-element elementor-element-58b1783\" data-id=\"58b1783\" data-element_type=\"column\" data-settings=\"{&quot;background_background&quot;:&quot;classic&quot;}\">\n\t\t\t<div class=\"elementor-widget-wrap elementor-element-populated\">\n\t\t\t\t\t\t<div class=\"elementor-element elementor-element-44d97d8 elementor-widget elementor-widget-printify_about_left\" data-id=\"44d97d8\" data-element_type=\"widget\" data-widget_type=\"printify_about_left.default\">\n\t\t\t\t<div class=\"elementor-widget-container\">\n\t\t\t\t\t\t\t\n\t\t\n\t\t<section class=\"kuk welcome-section sec-pad\">\n\t\t\t<div class=\"thm-container\">\n\t\t\t\t<div class=\"row\">\n\t\t\t\t\t<div class=\"col-md-12\">\n\t\t\t\t\t\t<div class=\"img-box\">\n\t\t\t\t\t\t\t<div class=\"welcome-img-box\">\n\t\t\t\t\t\t\t\t\t\t\t\t\t\t\t\t<img decoding=\"async\" src=\"https:\/\/cevizbasim.com\/wp-content\/uploads\/2025\/02\/slide2.jpg\" alt=\"\"\/>\n\t\t\t\t\t\t\t\t\t\t\t\t\t\t\t<\/div><!-- \/.welcome-img-box -->\n\t\t\t\t\t\t\t<div class=\"welcome-img-box-two\">\n\t\t\t\t\t\t\t\t\t\t\t\t\t\t\t\t<img decoding=\"async\" src=\"https:\/\/cevizbasim.com\/wp-content\/uploads\/2025\/02\/promosyon_slide-4-e1740315039941.jpg\" alt=\"\"\/>\n\t\t\t\t\t\t\t\t\t\t\t\t\t\t\t<\/div>\n\t\t\t\t\t\t<\/div>\n\t\t\t\t\t<\/div>\n\t\t\t\t<\/div>\n\t\t\t<\/div>\n\t\t<\/section>\n                   \n                \n\t\t\t\t\t\t<\/div>\n\t\t\t\t<\/div>\n\t\t\t\t\t<\/div>\n\t\t<\/div>\n\t\t\t\t\t<\/div>\n\t\t<\/section>\n\t\t\t\t<\/div>\n\t\t","protected":false},"excerpt":{"rendered":"<p>Anahtarl\u0131k, kalem, bardak, ajanda&#8230; Promosyon m\u00fc\u015fterilerinin memnuniyetini artt\u0131rmak i\u00e7in Promosyon Promosyon \u00fcr\u00fcnleri, \u015firketlerin bilinirliklerini ve ayn\u0131 zamanda m\u00fc\u015fterilerinin memnuniyetini artt\u0131rmak i\u00e7in kullan\u0131lan en etkili bask\u0131l\u0131 reklam ara\u00e7lar\u0131ndan biridir. \u015eirketler yeni y\u0131lda, bayram vb. \u00f6zel g\u00fcnlerde m\u00fc\u015fterilerine promosyon \u00fcr\u00fcnlerini g\u00f6ndererek m\u00fc\u015fteri memnuniyeti sa\u011flarlar. Reklamlar\u0131n\u0131 daha geni\u015f kitlelere duyurmak isteyen \u015firketler ise kendi logo ve adres bilgilerinin [&hellip;]<\/p>\n","protected":false},"author":1,"featured_media":0,"parent":0,"menu_order":0,"comment_status":"closed","ping_status":"closed","template":"elementor_header_footer","meta":{"footnotes":""},"class_list":["post-9017","page","type-page","status-publish","hentry"],"_links":{"self":[{"href":"https:\/\/cevizbasim.com\/index.php?rest_route=\/wp\/v2\/pages\/9017","targetHints":{"allow":["GET"]}}],"collection":[{"href":"https:\/\/cevizbasim.com\/index.php?rest_route=\/wp\/v2\/pages"}],"about":[{"href":"https:\/\/cevizbasim.com\/index.php?rest_route=\/wp\/v2\/types\/page"}],"author":[{"embeddable":true,"href":"https:\/\/cevizbasim.com\/index.php?rest_route=\/wp\/v2\/users\/1"}],"replies":[{"embeddable":true,"href":"https:\/\/cevizbasim.com\/index.php?rest_route=%2Fwp%2Fv2%2Fcomments&post=9017"}],"version-history":[{"count":28,"href":"https:\/\/cevizbasim.com\/index.php?rest_route=\/wp\/v2\/pages\/9017\/revisions"}],"predecessor-version":[{"id":9223,"href":"https:\/\/cevizbasim.com\/index.php?rest_route=\/wp\/v2\/pages\/9017\/revisions\/9223"}],"wp:attachment":[{"href":"https:\/\/cevizbasim.com\/index.php?rest_route=%2Fwp%2Fv2%2Fmedia&parent=9017"}],"curies":[{"name":"wp","href":"https:\/\/api.w.org\/{rel}","templated":true}]}}