{"id":9061,"date":"2025-02-19T01:32:41","date_gmt":"2025-02-18T22:32:41","guid":{"rendered":"https:\/\/elipsdizayn.com\/cevizbasim\/?page_id=9061"},"modified":"2025-02-26T22:10:28","modified_gmt":"2025-02-26T19:10:28","slug":"lazer-kesim","status":"publish","type":"page","link":"https:\/\/cevizbasim.com\/?page_id=9061","title":{"rendered":"Lazer Kesim"},"content":{"rendered":"\t\t<div data-elementor-type=\"wp-page\" data-elementor-id=\"9061\" class=\"elementor elementor-9061\">\n\t\t\t\t\t\t<section class=\"elementor-section elementor-top-section elementor-element elementor-element-c05c49b elementor-section-full_width elementor-section-height-default elementor-section-height-default\" data-id=\"c05c49b\" data-element_type=\"section\">\n\t\t\t\t\t\t<div class=\"elementor-container elementor-column-gap-no\">\n\t\t\t\t\t<div class=\"elementor-column elementor-col-100 elementor-top-column elementor-element elementor-element-a86e4c4\" data-id=\"a86e4c4\" data-element_type=\"column\">\n\t\t\t<div class=\"elementor-widget-wrap\">\n\t\t\t\t\t\t\t<\/div>\n\t\t<\/div>\n\t\t\t\t\t<\/div>\n\t\t<\/section>\n\t\t\t\t<section class=\"elementor-section elementor-top-section elementor-element elementor-element-16c5d59 elementor-section-stretched elementor-section-full_width elementor-section-height-min-height elementor-section-height-default elementor-section-items-middle\" data-id=\"16c5d59\" data-element_type=\"section\" data-settings=\"{&quot;stretch_section&quot;:&quot;section-stretched&quot;,&quot;background_background&quot;:&quot;classic&quot;}\">\n\t\t\t\t\t\t<div class=\"elementor-container elementor-column-gap-no\">\n\t\t\t\t\t<div class=\"elementor-column elementor-col-50 elementor-top-column elementor-element elementor-element-8297c7c\" data-id=\"8297c7c\" data-element_type=\"column\">\n\t\t\t<div class=\"elementor-widget-wrap elementor-element-populated\">\n\t\t\t\t\t\t<div class=\"elementor-element elementor-element-2b26637 elementor-widget elementor-widget-image\" data-id=\"2b26637\" data-element_type=\"widget\" data-widget_type=\"image.default\">\n\t\t\t\t<div class=\"elementor-widget-container\">\n\t\t\t\t\t\t\t\t\t\t\t\t\t\t\t<img fetchpriority=\"high\" decoding=\"async\" width=\"1920\" height=\"1080\" src=\"https:\/\/cevizbasim.com\/wp-content\/uploads\/2025\/02\/lazer-markalama-makinesi.webp\" class=\"attachment-2048x2048 size-2048x2048 wp-image-9251\" alt=\"\" srcset=\"https:\/\/cevizbasim.com\/wp-content\/uploads\/2025\/02\/lazer-markalama-makinesi.webp 1920w, https:\/\/cevizbasim.com\/wp-content\/uploads\/2025\/02\/lazer-markalama-makinesi-300x169.webp 300w, https:\/\/cevizbasim.com\/wp-content\/uploads\/2025\/02\/lazer-markalama-makinesi-1024x576.webp 1024w, https:\/\/cevizbasim.com\/wp-content\/uploads\/2025\/02\/lazer-markalama-makinesi-768x432.webp 768w, https:\/\/cevizbasim.com\/wp-content\/uploads\/2025\/02\/lazer-markalama-makinesi-1536x864.webp 1536w\" sizes=\"(max-width: 1920px) 100vw, 1920px\" \/>\t\t\t\t\t\t\t\t\t\t\t\t\t\t\t<\/div>\n\t\t\t\t<\/div>\n\t\t\t\t\t<\/div>\n\t\t<\/div>\n\t\t\t\t<div class=\"elementor-column elementor-col-50 elementor-top-column elementor-element elementor-element-33f1273\" data-id=\"33f1273\" data-element_type=\"column\">\n\t\t\t<div class=\"elementor-widget-wrap elementor-element-populated\">\n\t\t\t\t\t\t<div class=\"elementor-element elementor-element-e7a88bf elementor-widget elementor-widget-heading\" data-id=\"e7a88bf\" data-element_type=\"widget\" data-widget_type=\"heading.default\">\n\t\t\t\t<div class=\"elementor-widget-container\">\n\t\t\t\t\t<h4 class=\"elementor-heading-title elementor-size-default\">malzemeleri bi\u00e7imlendirmek i\u00e7in lazer kullanan teknolojidir.<\/h4>\t\t\t\t<\/div>\n\t\t\t\t<\/div>\n\t\t\t\t<div class=\"elementor-element elementor-element-aed0f4f elementor-widget elementor-widget-heading\" data-id=\"aed0f4f\" data-element_type=\"widget\" data-widget_type=\"heading.default\">\n\t\t\t\t<div class=\"elementor-widget-container\">\n\t\t\t\t\t<h3 class=\"elementor-heading-title elementor-size-default\">Lazer Kesim\n<\/h3>\t\t\t\t<\/div>\n\t\t\t\t<\/div>\n\t\t\t\t\t<\/div>\n\t\t<\/div>\n\t\t\t\t\t<\/div>\n\t\t<\/section>\n\t\t\t\t<section class=\"elementor-section elementor-top-section elementor-element elementor-element-44ae90a elementor-section-stretched elementor-section-boxed elementor-section-height-default elementor-section-height-default\" data-id=\"44ae90a\" data-element_type=\"section\" data-settings=\"{&quot;stretch_section&quot;:&quot;section-stretched&quot;,&quot;background_background&quot;:&quot;classic&quot;}\">\n\t\t\t\t\t\t<div class=\"elementor-container elementor-column-gap-no\">\n\t\t\t\t\t<div class=\"elementor-column elementor-col-50 elementor-top-column elementor-element elementor-element-7400131\" data-id=\"7400131\" data-element_type=\"column\">\n\t\t\t<div class=\"elementor-widget-wrap elementor-element-populated\">\n\t\t\t\t\t\t<div class=\"elementor-element elementor-element-73a4748 elementor-widget elementor-widget-heading\" data-id=\"73a4748\" data-element_type=\"widget\" data-widget_type=\"heading.default\">\n\t\t\t\t<div class=\"elementor-widget-container\">\n\t\t\t\t\t<h4 class=\"elementor-heading-title elementor-size-default\">optik elemanlarla y\u00f6nlendirilmesiyle \u00e7al\u0131\u015f\u0131r.<\/h4>\t\t\t\t<\/div>\n\t\t\t\t<\/div>\n\t\t\t\t<div class=\"elementor-element elementor-element-e5147dc elementor-widget elementor-widget-heading\" data-id=\"e5147dc\" data-element_type=\"widget\" data-widget_type=\"heading.default\">\n\t\t\t\t<div class=\"elementor-widget-container\">\n\t\t\t\t\t<h3 class=\"elementor-heading-title elementor-size-default\">Lazer Kesim\n<\/h3>\t\t\t\t<\/div>\n\t\t\t\t<\/div>\n\t\t\t\t<div class=\"elementor-element elementor-element-691333f elementor-widget elementor-widget-text-editor\" data-id=\"691333f\" data-element_type=\"widget\" data-widget_type=\"text-editor.default\">\n\t\t\t\t<div class=\"elementor-widget-container\">\n\t\t\t\t\t\t\t\t\t<p>Lazer kesim, malzemeleri bi\u00e7imlendirmek i\u00e7in lazer kullanan ve bir kesim kenar\u0131 sa\u011flayan teknolojidir. Tipik olarak end\u00fcstriyel \u00fcretim uygulamalar\u0131 i\u00e7in kullan\u0131lsa da, art\u0131k okullar, k\u00fc\u00e7\u00fck i\u015fletmeler, mimarlar ve hobi ama\u00e7l\u0131 da kullan\u0131lmaktad\u0131r.<\/p><p>Lazer kesim, \u00e7ok g\u00fc\u00e7l\u00fc bir lazer \u00e7\u0131kt\u0131s\u0131n\u0131n \u00e7o\u011funlukla optik elemanlarla y\u00f6nlendirilmesiyle \u00e7al\u0131\u015f\u0131r. Lazer \u0131\u015f\u0131n\u0131n\u0131n malzemeye y\u00f6nlendirilmesi i\u00e7in lazer opti\u011fi ve CNC (bilgisayarl\u0131 say\u0131sal kontrol) kullan\u0131l\u0131r. Malzemeleri kesmek i\u00e7in kullan\u0131lan ticari bir lazer, kesilecek modelin CNC veya G kodunu izlemek i\u00e7in hareket kontrol sistemi kullan\u0131r.<\/p><p>Odaklanm\u0131\u015f lazer \u0131\u015f\u0131n\u0131 daha sonra ya eriyen, yanan, buharla\u015fan ya da bir gaz jeti taraf\u0131ndan \u00fcflenen malzemeye y\u00f6nlendirilir.[1] Sonu\u00e7ta y\u00fcksek kaliteli y\u00fczeyi olan bir kenar b\u0131rak\u0131r.[2]<\/p>\t\t\t\t\t\t\t\t<\/div>\n\t\t\t\t<\/div>\n\t\t\t\t<div class=\"elementor-element elementor-element-fc570ee elementor-widget elementor-widget-text-editor\" data-id=\"fc570ee\" data-element_type=\"widget\" data-widget_type=\"text-editor.default\">\n\t\t\t\t<div class=\"elementor-widget-container\">\n\t\t\t\t\t\t\t\t\t<div class=\"elementor-element elementor-element-7a37821 elementor-widget elementor-widget-text-editor\" data-id=\"7a37821\" data-element_type=\"widget\" data-settings=\"{&quot;navigation&quot;:&quot;both&quot;}\" data-widget_type=\"text-editor.default\"><div class=\"elementor-widget-container\"><p>Her t\u00fcrl\u00fc LAZER KES\u0130M i\u015fleriniz i\u00e7in bizi arayabilirsiniz.<br \/>+90 554 940 1 996<\/p><\/div><\/div>\t\t\t\t\t\t\t\t<\/div>\n\t\t\t\t<\/div>\n\t\t\t\t\t<\/div>\n\t\t<\/div>\n\t\t\t\t<div class=\"elementor-column elementor-col-50 elementor-top-column elementor-element elementor-element-6c3f01f\" data-id=\"6c3f01f\" data-element_type=\"column\" data-settings=\"{&quot;background_background&quot;:&quot;classic&quot;}\">\n\t\t\t<div class=\"elementor-widget-wrap elementor-element-populated\">\n\t\t\t\t\t\t<div class=\"elementor-element elementor-element-e71198e elementor-widget elementor-widget-printify_about_left\" data-id=\"e71198e\" data-element_type=\"widget\" data-widget_type=\"printify_about_left.default\">\n\t\t\t\t<div class=\"elementor-widget-container\">\n\t\t\t\t\t\t\t\n\t\t\n\t\t<section class=\"kuk welcome-section sec-pad\">\n\t\t\t<div class=\"thm-container\">\n\t\t\t\t<div class=\"row\">\n\t\t\t\t\t<div class=\"col-md-12\">\n\t\t\t\t\t\t<div class=\"img-box\">\n\t\t\t\t\t\t\t<div class=\"welcome-img-box\">\n\t\t\t\t\t\t\t\t\t\t\t\t\t\t\t\t<img decoding=\"async\" src=\"https:\/\/cevizbasim.com\/wp-content\/uploads\/2021\/01\/welcome-1-1.jpg\" alt=\"\"\/>\n\t\t\t\t\t\t\t\t\t\t\t\t\t\t\t<\/div><!-- \/.welcome-img-box -->\n\t\t\t\t\t\t\t<div class=\"welcome-img-box-two\">\n\t\t\t\t\t\t\t\t\t\t\t\t\t\t\t\t<img decoding=\"async\" src=\"https:\/\/cevizbasim.com\/wp-content\/uploads\/2025\/02\/LAZER-kesim-welcome-1-2.jpg\" alt=\"\"\/>\n\t\t\t\t\t\t\t\t\t\t\t\t\t\t\t<\/div>\n\t\t\t\t\t\t<\/div>\n\t\t\t\t\t<\/div>\n\t\t\t\t<\/div>\n\t\t\t<\/div>\n\t\t<\/section>\n                   \n                \n\t\t\t\t\t\t<\/div>\n\t\t\t\t<\/div>\n\t\t\t\t\t<\/div>\n\t\t<\/div>\n\t\t\t\t\t<\/div>\n\t\t<\/section>\n\t\t\t\t<\/div>\n\t\t","protected":false},"excerpt":{"rendered":"<p>malzemeleri bi\u00e7imlendirmek i\u00e7in lazer kullanan teknolojidir. Lazer Kesim optik elemanlarla y\u00f6nlendirilmesiyle \u00e7al\u0131\u015f\u0131r. Lazer Kesim Lazer kesim, malzemeleri bi\u00e7imlendirmek i\u00e7in lazer kullanan ve bir kesim kenar\u0131 sa\u011flayan teknolojidir. Tipik olarak end\u00fcstriyel \u00fcretim uygulamalar\u0131 i\u00e7in kullan\u0131lsa da, art\u0131k okullar, k\u00fc\u00e7\u00fck i\u015fletmeler, mimarlar ve hobi ama\u00e7l\u0131 da kullan\u0131lmaktad\u0131r. Lazer kesim, \u00e7ok g\u00fc\u00e7l\u00fc bir lazer \u00e7\u0131kt\u0131s\u0131n\u0131n \u00e7o\u011funlukla optik elemanlarla [&hellip;]<\/p>\n","protected":false},"author":1,"featured_media":0,"parent":0,"menu_order":0,"comment_status":"closed","ping_status":"closed","template":"elementor_header_footer","meta":{"footnotes":""},"class_list":["post-9061","page","type-page","status-publish","hentry"],"_links":{"self":[{"href":"https:\/\/cevizbasim.com\/index.php?rest_route=\/wp\/v2\/pages\/9061","targetHints":{"allow":["GET"]}}],"collection":[{"href":"https:\/\/cevizbasim.com\/index.php?rest_route=\/wp\/v2\/pages"}],"about":[{"href":"https:\/\/cevizbasim.com\/index.php?rest_route=\/wp\/v2\/types\/page"}],"author":[{"embeddable":true,"href":"https:\/\/cevizbasim.com\/index.php?rest_route=\/wp\/v2\/users\/1"}],"replies":[{"embeddable":true,"href":"https:\/\/cevizbasim.com\/index.php?rest_route=%2Fwp%2Fv2%2Fcomments&post=9061"}],"version-history":[{"count":7,"href":"https:\/\/cevizbasim.com\/index.php?rest_route=\/wp\/v2\/pages\/9061\/revisions"}],"predecessor-version":[{"id":9260,"href":"https:\/\/cevizbasim.com\/index.php?rest_route=\/wp\/v2\/pages\/9061\/revisions\/9260"}],"wp:attachment":[{"href":"https:\/\/cevizbasim.com\/index.php?rest_route=%2Fwp%2Fv2%2Fmedia&parent=9061"}],"curies":[{"name":"wp","href":"https:\/\/api.w.org\/{rel}","templated":true}]}}