{"id":9088,"date":"2025-02-20T11:31:41","date_gmt":"2025-02-20T08:31:41","guid":{"rendered":"https:\/\/elipsdizayn.com\/cevizbasim\/?page_id=9088"},"modified":"2025-02-23T17:30:24","modified_gmt":"2025-02-23T14:30:24","slug":"tabela","status":"publish","type":"page","link":"https:\/\/cevizbasim.com\/?page_id=9088","title":{"rendered":"Tabela"},"content":{"rendered":"\t\t<div data-elementor-type=\"wp-page\" data-elementor-id=\"9088\" class=\"elementor elementor-9088\">\n\t\t\t\t\t\t<section class=\"elementor-section elementor-top-section elementor-element elementor-element-55f2e85 elementor-section-full_width elementor-section-height-default elementor-section-height-default\" data-id=\"55f2e85\" data-element_type=\"section\">\n\t\t\t\t\t\t<div class=\"elementor-container elementor-column-gap-no\">\n\t\t\t\t\t<div class=\"elementor-column elementor-col-100 elementor-top-column elementor-element elementor-element-5fb6757\" data-id=\"5fb6757\" data-element_type=\"column\">\n\t\t\t<div class=\"elementor-widget-wrap\">\n\t\t\t\t\t\t\t<\/div>\n\t\t<\/div>\n\t\t\t\t\t<\/div>\n\t\t<\/section>\n\t\t\t\t<section class=\"elementor-section elementor-top-section elementor-element elementor-element-2044d72 elementor-section-stretched elementor-section-full_width elementor-section-height-min-height elementor-section-height-default elementor-section-items-middle\" data-id=\"2044d72\" data-element_type=\"section\" data-settings=\"{&quot;stretch_section&quot;:&quot;section-stretched&quot;,&quot;background_background&quot;:&quot;classic&quot;}\">\n\t\t\t\t\t\t<div class=\"elementor-container elementor-column-gap-no\">\n\t\t\t\t\t<div class=\"elementor-column elementor-col-50 elementor-top-column elementor-element elementor-element-14d3c9b\" data-id=\"14d3c9b\" data-element_type=\"column\">\n\t\t\t<div class=\"elementor-widget-wrap elementor-element-populated\">\n\t\t\t\t\t\t<div class=\"elementor-element elementor-element-4e5a48f elementor-widget elementor-widget-image\" data-id=\"4e5a48f\" data-element_type=\"widget\" data-widget_type=\"image.default\">\n\t\t\t\t<div class=\"elementor-widget-container\">\n\t\t\t\t\t\t\t\t\t\t\t\t\t\t\t<img fetchpriority=\"high\" decoding=\"async\" width=\"1024\" height=\"524\" src=\"https:\/\/cevizbasim.com\/wp-content\/uploads\/2025\/02\/ceviz_basim_tabela.jpg\" class=\"attachment-2048x2048 size-2048x2048 wp-image-9224\" alt=\"\" srcset=\"https:\/\/cevizbasim.com\/wp-content\/uploads\/2025\/02\/ceviz_basim_tabela.jpg 1024w, https:\/\/cevizbasim.com\/wp-content\/uploads\/2025\/02\/ceviz_basim_tabela-300x154.jpg 300w, https:\/\/cevizbasim.com\/wp-content\/uploads\/2025\/02\/ceviz_basim_tabela-768x393.jpg 768w\" sizes=\"(max-width: 1024px) 100vw, 1024px\" \/>\t\t\t\t\t\t\t\t\t\t\t\t\t\t\t<\/div>\n\t\t\t\t<\/div>\n\t\t\t\t\t<\/div>\n\t\t<\/div>\n\t\t\t\t<div class=\"elementor-column elementor-col-50 elementor-top-column elementor-element elementor-element-0c4292a\" data-id=\"0c4292a\" data-element_type=\"column\">\n\t\t\t<div class=\"elementor-widget-wrap elementor-element-populated\">\n\t\t\t\t\t\t<div class=\"elementor-element elementor-element-613d0e4 elementor-widget elementor-widget-heading\" data-id=\"613d0e4\" data-element_type=\"widget\" data-widget_type=\"heading.default\">\n\t\t\t\t<div class=\"elementor-widget-container\">\n\t\t\t\t\t<h4 class=\"elementor-heading-title elementor-size-default\">\u0131\u015f\u0131k \u0131\u015f\u0131ks\u0131z tabela \u00e7e\u015fitleri<\/h4>\t\t\t\t<\/div>\n\t\t\t\t<\/div>\n\t\t\t\t<div class=\"elementor-element elementor-element-f7d1133 elementor-widget elementor-widget-heading\" data-id=\"f7d1133\" data-element_type=\"widget\" data-widget_type=\"heading.default\">\n\t\t\t\t<div class=\"elementor-widget-container\">\n\t\t\t\t\t<h3 class=\"elementor-heading-title elementor-size-default\">Tabela<\/h3>\t\t\t\t<\/div>\n\t\t\t\t<\/div>\n\t\t\t\t\t<\/div>\n\t\t<\/div>\n\t\t\t\t\t<\/div>\n\t\t<\/section>\n\t\t\t\t<section class=\"elementor-section elementor-top-section elementor-element elementor-element-a9e44b9 elementor-section-stretched elementor-section-boxed elementor-section-height-default elementor-section-height-default\" data-id=\"a9e44b9\" data-element_type=\"section\" data-settings=\"{&quot;stretch_section&quot;:&quot;section-stretched&quot;,&quot;background_background&quot;:&quot;classic&quot;}\">\n\t\t\t\t\t\t<div class=\"elementor-container elementor-column-gap-no\">\n\t\t\t\t\t<div class=\"elementor-column elementor-col-50 elementor-top-column elementor-element elementor-element-653b58b\" data-id=\"653b58b\" data-element_type=\"column\">\n\t\t\t<div class=\"elementor-widget-wrap elementor-element-populated\">\n\t\t\t\t\t\t<div class=\"elementor-element elementor-element-c22fee1 elementor-widget elementor-widget-heading\" data-id=\"c22fee1\" data-element_type=\"widget\" data-widget_type=\"heading.default\">\n\t\t\t\t<div class=\"elementor-widget-container\">\n\t\t\t\t\t<h4 class=\"elementor-heading-title elementor-size-default\">Tabelalar firmalar\u0131n ilk y\u00fcz\u00fcd\u00fcr,<\/h4>\t\t\t\t<\/div>\n\t\t\t\t<\/div>\n\t\t\t\t<div class=\"elementor-element elementor-element-421d7dc elementor-widget elementor-widget-heading\" data-id=\"421d7dc\" data-element_type=\"widget\" data-widget_type=\"heading.default\">\n\t\t\t\t<div class=\"elementor-widget-container\">\n\t\t\t\t\t<h3 class=\"elementor-heading-title elementor-size-default\">Tabela<\/h3>\t\t\t\t<\/div>\n\t\t\t\t<\/div>\n\t\t\t\t<div class=\"elementor-element elementor-element-b9cc087 elementor-widget elementor-widget-text-editor\" data-id=\"b9cc087\" data-element_type=\"widget\" data-widget_type=\"text-editor.default\">\n\t\t\t\t<div class=\"elementor-widget-container\">\n\t\t\t\t\t\t\t\t\t<p>CEV\u0130ZBASIM olarak misyonumuz her zaman yenilik\u00e7i ve ileriye d\u00f6n\u00fck olma hedefini ilke edinmi\u015ftir.<\/p><p>Tabela ve reklam \u00fcr\u00fcnlerini hayata ge\u00e7irirken; planlamadan sunuma, \u00fcretimden, montaja ve bak\u0131m s\u00fcre\u00e7lerine kadar t\u00fcm a\u015famalarda markalar\u0131m\u0131z\u0131n yan\u0131nday\u0131z.<\/p>\t\t\t\t\t\t\t\t<\/div>\n\t\t\t\t<\/div>\n\t\t\t\t<div class=\"elementor-element elementor-element-180255c elementor-widget elementor-widget-text-editor\" data-id=\"180255c\" data-element_type=\"widget\" data-widget_type=\"text-editor.default\">\n\t\t\t\t<div class=\"elementor-widget-container\">\n\t\t\t\t\t\t\t\t\t<p>Tabelalar firmalar\u0131n ilk y\u00fcz\u00fcd\u00fcr, firmalar\u0131n kurumsal kimli\u011fini ve imaj\u0131n\u0131 ilk olarak tabela yans\u0131t\u0131r. Ge\u00e7mi\u015f y\u0131llarda i\u015fletmeler reklama ya da tabelaya \u00e7ok \u00f6nem vermezlerdi &#8220;bizi herkes tan\u0131yor arayan buluyor&#8221; mant\u0131\u011f\u0131 ile hareket ederlerdi. Bunun en b\u00fcy\u00fck etkenlerinden biri de rekabet yoktu.Bug\u00fcne geldi\u011fimizde i\u015fletmeler tabelalar\u0131n\u0131n en iyisini yapt\u0131rmaya ba\u015flad\u0131lar. \u00c7\u00fcnk\u00fc rekabet \u00e7ok fazla ve ak\u0131lda kal\u0131c\u0131 olmak zorundalar.<\/p><p>\u00d6nceden bir vinil germe tabela yeterli olurken \u015fimdi \u0131\u015f\u0131kl\u0131 kutu harf tabelalar, paslanmaz kutu harf tabelalar, aynal\u0131 pleksi kutu harf tabelalar, LED tabelalar gibi daha \u00e7ok g\u00f6ze hitap eden daha g\u00f6steri\u015fli tabelalar tercih edilmeye ba\u015fland\u0131. Tabi ki \u00e7al\u0131\u015f\u0131lan tabelac\u0131 burda \u00e7ok b\u00fcy\u00fck \u00f6nem arz etmektedir. Yapaca\u011f\u0131 tasar\u0131mdan imal edece\u011fi tabelaya kadar sizin kimli\u011finizi \u00f6n plana \u00e7\u0131kartacak olan tabelac\u0131n\u0131zd\u0131r.<\/p><p>\u0130\u015fte tam da bu noktada CEV\u0130ZBASIM olarak biz devreye girmekteyiz. 16 y\u0131ll\u0131k tecr\u00fcbemizle siz de\u011ferli m\u00fc\u015fterilerimize hizmet vermeye devam etmekteyiz. Eski klasik tasar\u0131mlar de\u011fil, yenilik\u00e7i daha modern ve \u00e7a\u011f\u0131m\u0131z\u0131 yans\u0131tan daha da \u00f6nemlisi alan\u0131n\u0131z\u0131 anlatan sizi tan\u0131mlayan tasar\u0131mlar yapmaktay\u0131z. Bu tasar\u0131mlar\u0131 son teknoloji makinalar ve i\u015finde tecr\u00fcbeli \u00e7al\u0131\u015fma arkada\u015flar\u0131m\u0131z\u0131n da yetenekleri ile birle\u015ftirerek g\u00f6z al\u0131c\u0131 en \u00f6nemlisi ak\u0131lda kal\u0131c\u0131 tabelalar \u00fcreterek siz de\u011ferli m\u00fc\u015fterilerimize sunmaktay\u0131z.<\/p>\t\t\t\t\t\t\t\t<\/div>\n\t\t\t\t<\/div>\n\t\t\t\t\t<\/div>\n\t\t<\/div>\n\t\t\t\t<div class=\"elementor-column elementor-col-50 elementor-top-column elementor-element elementor-element-032fd7d\" data-id=\"032fd7d\" data-element_type=\"column\" data-settings=\"{&quot;background_background&quot;:&quot;classic&quot;}\">\n\t\t\t<div class=\"elementor-widget-wrap elementor-element-populated\">\n\t\t\t\t\t\t<div class=\"elementor-element elementor-element-21e1c1a elementor-widget elementor-widget-printify_about_left\" data-id=\"21e1c1a\" data-element_type=\"widget\" data-widget_type=\"printify_about_left.default\">\n\t\t\t\t<div class=\"elementor-widget-container\">\n\t\t\t\t\t\t\t\n\t\t\n\t\t<section class=\"kuk welcome-section sec-pad\">\n\t\t\t<div class=\"thm-container\">\n\t\t\t\t<div class=\"row\">\n\t\t\t\t\t<div class=\"col-md-12\">\n\t\t\t\t\t\t<div class=\"img-box\">\n\t\t\t\t\t\t\t<div class=\"welcome-img-box\">\n\t\t\t\t\t\t\t\t\t\t\t\t\t\t\t\t<img decoding=\"async\" src=\"https:\/\/cevizbasim.com\/wp-content\/uploads\/2021\/01\/welcome-1-1.jpg\" alt=\"\"\/>\n\t\t\t\t\t\t\t\t\t\t\t\t\t\t\t<\/div><!-- \/.welcome-img-box -->\n\t\t\t\t\t\t\t<div class=\"welcome-img-box-two\">\n\t\t\t\t\t\t\t\t\t\t\t\t\t\t\t\t<img decoding=\"async\" src=\"https:\/\/cevizbasim.com\/wp-content\/uploads\/2025\/02\/tabela-welcome-1-2.jpg\" alt=\"\"\/>\n\t\t\t\t\t\t\t\t\t\t\t\t\t\t\t<\/div>\n\t\t\t\t\t\t<\/div>\n\t\t\t\t\t<\/div>\n\t\t\t\t<\/div>\n\t\t\t<\/div>\n\t\t<\/section>\n                   \n                \n\t\t\t\t\t\t<\/div>\n\t\t\t\t<\/div>\n\t\t\t\t\t<\/div>\n\t\t<\/div>\n\t\t\t\t\t<\/div>\n\t\t<\/section>\n\t\t\t\t<\/div>\n\t\t","protected":false},"excerpt":{"rendered":"<p>\u0131\u015f\u0131k \u0131\u015f\u0131ks\u0131z tabela \u00e7e\u015fitleri Tabela Tabelalar firmalar\u0131n ilk y\u00fcz\u00fcd\u00fcr, Tabela CEV\u0130ZBASIM olarak misyonumuz her zaman yenilik\u00e7i ve ileriye d\u00f6n\u00fck olma hedefini ilke edinmi\u015ftir. Tabela ve reklam \u00fcr\u00fcnlerini hayata ge\u00e7irirken; planlamadan sunuma, \u00fcretimden, montaja ve bak\u0131m s\u00fcre\u00e7lerine kadar t\u00fcm a\u015famalarda markalar\u0131m\u0131z\u0131n yan\u0131nday\u0131z. Tabelalar firmalar\u0131n ilk y\u00fcz\u00fcd\u00fcr, firmalar\u0131n kurumsal kimli\u011fini ve imaj\u0131n\u0131 ilk olarak tabela yans\u0131t\u0131r. Ge\u00e7mi\u015f [&hellip;]<\/p>\n","protected":false},"author":1,"featured_media":0,"parent":0,"menu_order":0,"comment_status":"closed","ping_status":"closed","template":"elementor_header_footer","meta":{"footnotes":""},"class_list":["post-9088","page","type-page","status-publish","hentry"],"_links":{"self":[{"href":"https:\/\/cevizbasim.com\/index.php?rest_route=\/wp\/v2\/pages\/9088","targetHints":{"allow":["GET"]}}],"collection":[{"href":"https:\/\/cevizbasim.com\/index.php?rest_route=\/wp\/v2\/pages"}],"about":[{"href":"https:\/\/cevizbasim.com\/index.php?rest_route=\/wp\/v2\/types\/page"}],"author":[{"embeddable":true,"href":"https:\/\/cevizbasim.com\/index.php?rest_route=\/wp\/v2\/users\/1"}],"replies":[{"embeddable":true,"href":"https:\/\/cevizbasim.com\/index.php?rest_route=%2Fwp%2Fv2%2Fcomments&post=9088"}],"version-history":[{"count":10,"href":"https:\/\/cevizbasim.com\/index.php?rest_route=\/wp\/v2\/pages\/9088\/revisions"}],"predecessor-version":[{"id":9233,"href":"https:\/\/cevizbasim.com\/index.php?rest_route=\/wp\/v2\/pages\/9088\/revisions\/9233"}],"wp:attachment":[{"href":"https:\/\/cevizbasim.com\/index.php?rest_route=%2Fwp%2Fv2%2Fmedia&parent=9088"}],"curies":[{"name":"wp","href":"https:\/\/api.w.org\/{rel}","templated":true}]}}