{"id":9094,"date":"2025-02-20T11:33:17","date_gmt":"2025-02-20T08:33:17","guid":{"rendered":"https:\/\/elipsdizayn.com\/cevizbasim\/?page_id=9094"},"modified":"2025-02-27T21:05:07","modified_gmt":"2025-02-27T18:05:07","slug":"isg-levhalari","status":"publish","type":"page","link":"https:\/\/cevizbasim.com\/?page_id=9094","title":{"rendered":"\u0130SG Levhalar\u0131"},"content":{"rendered":"\t\t<div data-elementor-type=\"wp-page\" data-elementor-id=\"9094\" class=\"elementor elementor-9094\">\n\t\t\t\t\t\t<section class=\"elementor-section elementor-top-section elementor-element elementor-element-6f336cf elementor-section-full_width elementor-section-height-default elementor-section-height-default\" data-id=\"6f336cf\" data-element_type=\"section\">\n\t\t\t\t\t\t<div class=\"elementor-container elementor-column-gap-no\">\n\t\t\t\t\t<div class=\"elementor-column elementor-col-100 elementor-top-column elementor-element elementor-element-a11c54f\" data-id=\"a11c54f\" data-element_type=\"column\">\n\t\t\t<div class=\"elementor-widget-wrap\">\n\t\t\t\t\t\t\t<\/div>\n\t\t<\/div>\n\t\t\t\t\t<\/div>\n\t\t<\/section>\n\t\t\t\t<section class=\"elementor-section elementor-top-section elementor-element elementor-element-c978cbc elementor-section-stretched elementor-section-full_width elementor-section-height-min-height elementor-section-height-default elementor-section-items-middle\" data-id=\"c978cbc\" data-element_type=\"section\" data-settings=\"{&quot;stretch_section&quot;:&quot;section-stretched&quot;,&quot;background_background&quot;:&quot;classic&quot;}\">\n\t\t\t\t\t\t<div class=\"elementor-container elementor-column-gap-no\">\n\t\t\t\t\t<div class=\"elementor-column elementor-col-50 elementor-top-column elementor-element elementor-element-86a1dca\" data-id=\"86a1dca\" data-element_type=\"column\">\n\t\t\t<div class=\"elementor-widget-wrap elementor-element-populated\">\n\t\t\t\t\t\t<div class=\"elementor-element elementor-element-33a522f elementor-widget elementor-widget-image\" data-id=\"33a522f\" data-element_type=\"widget\" data-widget_type=\"image.default\">\n\t\t\t\t<div class=\"elementor-widget-container\">\n\t\t\t\t\t\t\t\t\t\t\t\t\t\t\t<img fetchpriority=\"high\" decoding=\"async\" width=\"1024\" height=\"547\" src=\"https:\/\/cevizbasim.com\/wp-content\/uploads\/2025\/02\/uyari-1024x547-1.jpg\" class=\"attachment-2048x2048 size-2048x2048 wp-image-9234\" alt=\"\" srcset=\"https:\/\/cevizbasim.com\/wp-content\/uploads\/2025\/02\/uyari-1024x547-1.jpg 1024w, https:\/\/cevizbasim.com\/wp-content\/uploads\/2025\/02\/uyari-1024x547-1-300x160.jpg 300w, https:\/\/cevizbasim.com\/wp-content\/uploads\/2025\/02\/uyari-1024x547-1-768x410.jpg 768w\" sizes=\"(max-width: 1024px) 100vw, 1024px\" \/>\t\t\t\t\t\t\t\t\t\t\t\t\t\t\t<\/div>\n\t\t\t\t<\/div>\n\t\t\t\t\t<\/div>\n\t\t<\/div>\n\t\t\t\t<div class=\"elementor-column elementor-col-50 elementor-top-column elementor-element elementor-element-0797ad6\" data-id=\"0797ad6\" data-element_type=\"column\">\n\t\t\t<div class=\"elementor-widget-wrap elementor-element-populated\">\n\t\t\t\t\t\t<div class=\"elementor-element elementor-element-78f59a9 elementor-widget elementor-widget-heading\" data-id=\"78f59a9\" data-element_type=\"widget\" data-widget_type=\"heading.default\">\n\t\t\t\t<div class=\"elementor-widget-container\">\n\t\t\t\t\t<h4 class=\"elementor-heading-title elementor-size-default\">i\u015f g\u00fcvenli\u011fi levhalar\u0131n\u0131n etkili kullan\u0131m\u0131n\u0131 gerektirir. <\/h4>\t\t\t\t<\/div>\n\t\t\t\t<\/div>\n\t\t\t\t<div class=\"elementor-element elementor-element-d85ae94 elementor-widget elementor-widget-heading\" data-id=\"d85ae94\" data-element_type=\"widget\" data-widget_type=\"heading.default\">\n\t\t\t\t<div class=\"elementor-widget-container\">\n\t\t\t\t\t<h3 class=\"elementor-heading-title elementor-size-default\">\u0130SG Levhalar\u0131\n<\/h3>\t\t\t\t<\/div>\n\t\t\t\t<\/div>\n\t\t\t\t\t<\/div>\n\t\t<\/div>\n\t\t\t\t\t<\/div>\n\t\t<\/section>\n\t\t\t\t<section class=\"elementor-section elementor-top-section elementor-element elementor-element-40e2577 elementor-section-stretched elementor-section-boxed elementor-section-height-default elementor-section-height-default\" data-id=\"40e2577\" data-element_type=\"section\" data-settings=\"{&quot;stretch_section&quot;:&quot;section-stretched&quot;,&quot;background_background&quot;:&quot;classic&quot;}\">\n\t\t\t\t\t\t<div class=\"elementor-container elementor-column-gap-no\">\n\t\t\t\t\t<div class=\"elementor-column elementor-col-50 elementor-top-column elementor-element elementor-element-2e32a89\" data-id=\"2e32a89\" data-element_type=\"column\">\n\t\t\t<div class=\"elementor-widget-wrap elementor-element-populated\">\n\t\t\t\t\t\t<div class=\"elementor-element elementor-element-8cacb3c elementor-widget elementor-widget-heading\" data-id=\"8cacb3c\" data-element_type=\"widget\" data-widget_type=\"heading.default\">\n\t\t\t\t<div class=\"elementor-widget-container\">\n\t\t\t\t\t<h4 class=\"elementor-heading-title elementor-size-default\">Tehlikelerden Korunman\u0131n \u0130lk Ad\u0131m\u0131<\/h4>\t\t\t\t<\/div>\n\t\t\t\t<\/div>\n\t\t\t\t<div class=\"elementor-element elementor-element-cd3318d elementor-widget elementor-widget-heading\" data-id=\"cd3318d\" data-element_type=\"widget\" data-widget_type=\"heading.default\">\n\t\t\t\t<div class=\"elementor-widget-container\">\n\t\t\t\t\t<h3 class=\"elementor-heading-title elementor-size-default\">\u0130SG Levhalar\u0131\n<\/h3>\t\t\t\t<\/div>\n\t\t\t\t<\/div>\n\t\t\t\t<div class=\"elementor-element elementor-element-0a99b89 elementor-widget elementor-widget-text-editor\" data-id=\"0a99b89\" data-element_type=\"widget\" data-widget_type=\"text-editor.default\">\n\t\t\t\t<div class=\"elementor-widget-container\">\n\t\t\t\t\t\t\t\t\t<p>\u0130\u015f yerlerinde g\u00fcvenli\u011fi sa\u011flamak ve \u00e7al\u0131\u015fanlar\u0131 uyarmak, i\u015f g\u00fcvenli\u011fi levhalar\u0131n\u0131n etkili kullan\u0131m\u0131n\u0131 gerektirir. Bu yaz\u0131da, \u0130\u015f G\u00fcvenli\u011fi Levhalar\u0131 \u00fczerine odaklanarak, bu levhalar\u0131n ne oldu\u011funu, kullan\u0131m ama\u00e7lar\u0131n\u0131 ve i\u015f yerlerindeki g\u00fcvenli\u011fi art\u0131rman\u0131n faydalar\u0131n\u0131 inceleyece\u011fiz.<\/p><p><strong>\u0130\u015e G\u00dcVENL\u0130\u011e\u0130 LEVHALARI Nedir?<\/strong><br \/>\u0130\u015f g\u00fcvenli\u011fi levhalar\u0131, \u00e7al\u0131\u015fanlar\u0131 ve ziyaret\u00e7ileri \u00e7e\u015fitli tehlikeler hakk\u0131nda bilgilendiren g\u00f6rsel iletilerdir. Renkleri, semboller ve k\u0131sa metinlerle donat\u0131lm\u0131\u015f olan bu levhalar, i\u015f yerindeki potansiyel risklere kar\u015f\u0131 uyar\u0131da bulunmak ve g\u00fcvenli bir \u00e7al\u0131\u015fma ortam\u0131 sa\u011flamak i\u00e7in kullan\u0131l\u0131r.<\/p>\t\t\t\t\t\t\t\t<\/div>\n\t\t\t\t<\/div>\n\t\t\t\t<div class=\"elementor-element elementor-element-9ed7b2b elementor-widget elementor-widget-text-editor\" data-id=\"9ed7b2b\" data-element_type=\"widget\" data-widget_type=\"text-editor.default\">\n\t\t\t\t<div class=\"elementor-widget-container\">\n\t\t\t\t\t\t\t\t\t<div class=\"elementor-element elementor-element-7a37821 elementor-widget elementor-widget-text-editor\" data-id=\"7a37821\" data-element_type=\"widget\" data-settings=\"{&quot;navigation&quot;:&quot;both&quot;}\" data-widget_type=\"text-editor.default\"><div class=\"elementor-widget-container\"><h3 class=\"elementor-heading-title elementor-size-default\">Ka\u015fe \u00c7e\u015fitleri:<\/h3><ul><li>Kap\u0131 \u0130simlikleri<\/li><li>Yang\u0131nla M\u00fccadele ve Talimat Levhalar\u0131<\/li><li>YasaklamaSt\u0131cker Yap\u0131\u015fkanl\u0131 Etiketler.<\/li><li>Gemi \u0130mo \u0130\u015faretleri Levhalar\u0131<\/li><li>Acil \u00c7\u0131k\u0131\u015f Levhalar\u0131(Fotol\u00fcmenli)<\/li><li>Dikkat-Tehlike<\/li><li>\u00e7.s.g.b. Yeni \u0130\u015fg\u00fcvenli\u011fi Levhalar\u0131<\/li><li>M\u0131knat\u0131sl\u0131 Magnet Levhalar<\/li><li>\u00c7evre ve Temizlik<\/li><li>Sigara \u0130\u00e7ilmez\/\u0130\u00e7ilebilir Levhalar\u0131<\/li><li>Elektirik ve Uyar\u0131<\/li><li>Makina Uyar\u0131 ve G\u00fcvenlik Levhalar\u0131<\/li><li>\u00d6nce Kalite<\/li><li>\u0130n\u015faat Seti-\u015eantiye Levhalar\u0131<\/li><li>Tehlike<\/li><li>Durma ve Park Etme Levhalar\u0131<\/li><li>\u00d6nce \u0130\u015f G\u00fcvenli\u011fi<\/li><li>Geri D\u00f6n\u00fc\u015f\u00fcm Tehlike ve At\u0131k<\/li><li>Covid-19<\/li><li>Yer \u0130\u015faretleme Etiketleri<\/li><li>Ki\u015fisel Koruyucu Ekipman Levhalar\u0131<\/li><li>Acil Durum Levhalar\u0131<\/li><li>El Koruma Levhalar\u0131<\/li><li>Tehlike ve Uyar\u0131<\/li><li>\u0130\u015f G\u00fcvenli\u011fi Talimatlar\u0131<\/li><li>Hijyen ve Talimatlar\u0131<\/li><li>Kesilme-S\u0131k\u0131\u015fma-Ezilme Tehlikesi<\/li><li>Tehlikeli Madde Levhalar\u0131<\/li><li>Zorunluluk Ve Yasaklamalar<\/li><li>Vin\u00e7-\u0130\u015f Makinalar\u0131 Levhalar\u0131<\/li><li>Depo ve Ambar Levhalar\u0131<\/li><li>Ba\u015f Koruma Levhalar\u0131<\/li><li>Tesis Giri\u015f \u00c7\u0131k\u0131\u015f<\/li><li>G\u00f6z ve Y\u00fcz Koruma Levhalar\u0131<\/li><li>Havuz Levhalar\u0131<\/li><li>Bas\u0131n\u00e7l\u0131 Gaz T\u00fcpleri Levhalar\u0131<\/li><li>\u0130lk Yard\u0131m<\/li><li>Forklift Uyar\u0131 Levhalar\u0131<\/li><li>V\u00fccut Koruma Levhalar\u0131<\/li><li>Kulak Koruma Levhalar\u0131<\/li><li>Solunum Koruma Levhalar\u0131<\/li><li>Baraj levhalar\u0131<\/li><li>Ayak Koruma Levhalar\u0131<\/li><li>\u0130\u015f G\u00fcvenli\u011fi Motivasyon Sloganlar\u0131<\/li><li>Emniyetli Durum<\/li><li>Y\u00fck Alt\u0131na Girme Levhalar\u0131<\/li><li>D\u00fc\u015fme Tehlikesi Levhalar\u0131<\/li><li>Kaynak ve Ta\u015flama Levhalar\u0131<\/li><li>Toplanma Yeri Levhalar\u0131<\/li><\/ul><\/div><\/div>\t\t\t\t\t\t\t\t<\/div>\n\t\t\t\t<\/div>\n\t\t\t\t\t<\/div>\n\t\t<\/div>\n\t\t\t\t<div class=\"elementor-column elementor-col-50 elementor-top-column elementor-element elementor-element-0f997d3\" data-id=\"0f997d3\" data-element_type=\"column\" data-settings=\"{&quot;background_background&quot;:&quot;classic&quot;}\">\n\t\t\t<div class=\"elementor-widget-wrap elementor-element-populated\">\n\t\t\t\t\t\t<div class=\"elementor-element elementor-element-f3356cc elementor-widget elementor-widget-printify_about_left\" data-id=\"f3356cc\" data-element_type=\"widget\" data-widget_type=\"printify_about_left.default\">\n\t\t\t\t<div class=\"elementor-widget-container\">\n\t\t\t\t\t\t\t\n\t\t\n\t\t<section class=\"kuk welcome-section sec-pad\">\n\t\t\t<div class=\"thm-container\">\n\t\t\t\t<div class=\"row\">\n\t\t\t\t\t<div class=\"col-md-12\">\n\t\t\t\t\t\t<div class=\"img-box\">\n\t\t\t\t\t\t\t<div class=\"welcome-img-box\">\n\t\t\t\t\t\t\t\t\t\t\t\t\t\t\t\t<img decoding=\"async\" src=\"https:\/\/cevizbasim.com\/wp-content\/uploads\/2021\/01\/welcome-1-1.jpg\" alt=\"\"\/>\n\t\t\t\t\t\t\t\t\t\t\t\t\t\t\t<\/div><!-- \/.welcome-img-box -->\n\t\t\t\t\t\t\t<div class=\"welcome-img-box-two\">\n\t\t\t\t\t\t\t\t\t\t\t\t\t\t\t\t<img decoding=\"async\" src=\"https:\/\/cevizbasim.com\/wp-content\/uploads\/2025\/02\/uyaro_welcome-1-2.jpg\" alt=\"\"\/>\n\t\t\t\t\t\t\t\t\t\t\t\t\t\t\t<\/div>\n\t\t\t\t\t\t<\/div>\n\t\t\t\t\t<\/div>\n\t\t\t\t<\/div>\n\t\t\t<\/div>\n\t\t<\/section>\n                   \n                \n\t\t\t\t\t\t<\/div>\n\t\t\t\t<\/div>\n\t\t\t\t\t<\/div>\n\t\t<\/div>\n\t\t\t\t\t<\/div>\n\t\t<\/section>\n\t\t\t\t<\/div>\n\t\t","protected":false},"excerpt":{"rendered":"<p>i\u015f g\u00fcvenli\u011fi levhalar\u0131n\u0131n etkili kullan\u0131m\u0131n\u0131 gerektirir. \u0130SG Levhalar\u0131 Tehlikelerden Korunman\u0131n \u0130lk Ad\u0131m\u0131 \u0130SG Levhalar\u0131 \u0130\u015f yerlerinde g\u00fcvenli\u011fi sa\u011flamak ve \u00e7al\u0131\u015fanlar\u0131 uyarmak, i\u015f g\u00fcvenli\u011fi levhalar\u0131n\u0131n etkili kullan\u0131m\u0131n\u0131 gerektirir. Bu yaz\u0131da, \u0130\u015f G\u00fcvenli\u011fi Levhalar\u0131 \u00fczerine odaklanarak, bu levhalar\u0131n ne oldu\u011funu, kullan\u0131m ama\u00e7lar\u0131n\u0131 ve i\u015f yerlerindeki g\u00fcvenli\u011fi art\u0131rman\u0131n faydalar\u0131n\u0131 inceleyece\u011fiz. \u0130\u015e G\u00dcVENL\u0130\u011e\u0130 LEVHALARI Nedir?\u0130\u015f g\u00fcvenli\u011fi levhalar\u0131, \u00e7al\u0131\u015fanlar\u0131 ve [&hellip;]<\/p>\n","protected":false},"author":1,"featured_media":0,"parent":0,"menu_order":0,"comment_status":"closed","ping_status":"closed","template":"elementor_header_footer","meta":{"footnotes":""},"class_list":["post-9094","page","type-page","status-publish","hentry"],"_links":{"self":[{"href":"https:\/\/cevizbasim.com\/index.php?rest_route=\/wp\/v2\/pages\/9094","targetHints":{"allow":["GET"]}}],"collection":[{"href":"https:\/\/cevizbasim.com\/index.php?rest_route=\/wp\/v2\/pages"}],"about":[{"href":"https:\/\/cevizbasim.com\/index.php?rest_route=\/wp\/v2\/types\/page"}],"author":[{"embeddable":true,"href":"https:\/\/cevizbasim.com\/index.php?rest_route=\/wp\/v2\/users\/1"}],"replies":[{"embeddable":true,"href":"https:\/\/cevizbasim.com\/index.php?rest_route=%2Fwp%2Fv2%2Fcomments&post=9094"}],"version-history":[{"count":19,"href":"https:\/\/cevizbasim.com\/index.php?rest_route=\/wp\/v2\/pages\/9094\/revisions"}],"predecessor-version":[{"id":9306,"href":"https:\/\/cevizbasim.com\/index.php?rest_route=\/wp\/v2\/pages\/9094\/revisions\/9306"}],"wp:attachment":[{"href":"https:\/\/cevizbasim.com\/index.php?rest_route=%2Fwp%2Fv2%2Fmedia&parent=9094"}],"curies":[{"name":"wp","href":"https:\/\/api.w.org\/{rel}","templated":true}]}}