{"id":9106,"date":"2025-02-20T11:35:14","date_gmt":"2025-02-20T08:35:14","guid":{"rendered":"https:\/\/elipsdizayn.com\/cevizbasim\/?page_id=9106"},"modified":"2025-02-27T18:23:40","modified_gmt":"2025-02-27T15:23:40","slug":"kase","status":"publish","type":"page","link":"https:\/\/cevizbasim.com\/?page_id=9106","title":{"rendered":"Ka\u015fe"},"content":{"rendered":"\t\t<div data-elementor-type=\"wp-page\" data-elementor-id=\"9106\" class=\"elementor elementor-9106\">\n\t\t\t\t\t\t<section class=\"elementor-section elementor-top-section elementor-element elementor-element-85115af elementor-section-full_width elementor-section-height-default elementor-section-height-default\" data-id=\"85115af\" data-element_type=\"section\">\n\t\t\t\t\t\t<div class=\"elementor-container elementor-column-gap-no\">\n\t\t\t\t\t<div class=\"elementor-column elementor-col-100 elementor-top-column elementor-element elementor-element-eeaf23c\" data-id=\"eeaf23c\" data-element_type=\"column\">\n\t\t\t<div class=\"elementor-widget-wrap\">\n\t\t\t\t\t\t\t<\/div>\n\t\t<\/div>\n\t\t\t\t\t<\/div>\n\t\t<\/section>\n\t\t\t\t<section class=\"elementor-section elementor-top-section elementor-element elementor-element-b7ae3ae elementor-section-stretched elementor-section-full_width elementor-section-height-min-height elementor-section-height-default elementor-section-items-middle\" data-id=\"b7ae3ae\" data-element_type=\"section\" data-settings=\"{&quot;stretch_section&quot;:&quot;section-stretched&quot;,&quot;background_background&quot;:&quot;classic&quot;}\">\n\t\t\t\t\t\t<div class=\"elementor-container elementor-column-gap-no\">\n\t\t\t\t\t<div class=\"elementor-column elementor-col-50 elementor-top-column elementor-element elementor-element-d484169\" data-id=\"d484169\" data-element_type=\"column\">\n\t\t\t<div class=\"elementor-widget-wrap elementor-element-populated\">\n\t\t\t\t\t\t<div class=\"elementor-element elementor-element-904633e elementor-widget elementor-widget-image\" data-id=\"904633e\" data-element_type=\"widget\" data-widget_type=\"image.default\">\n\t\t\t\t<div class=\"elementor-widget-container\">\n\t\t\t\t\t\t\t\t\t\t\t\t\t\t\t<img fetchpriority=\"high\" decoding=\"async\" width=\"2048\" height=\"1093\" src=\"https:\/\/cevizbasim.com\/wp-content\/uploads\/2025\/02\/kase-1-2048x1093.jpg\" class=\"attachment-2048x2048 size-2048x2048 wp-image-9285\" alt=\"\" srcset=\"https:\/\/cevizbasim.com\/wp-content\/uploads\/2025\/02\/kase-1-2048x1093.jpg 2048w, https:\/\/cevizbasim.com\/wp-content\/uploads\/2025\/02\/kase-1-300x160.jpg 300w, https:\/\/cevizbasim.com\/wp-content\/uploads\/2025\/02\/kase-1-1024x547.jpg 1024w, https:\/\/cevizbasim.com\/wp-content\/uploads\/2025\/02\/kase-1-768x410.jpg 768w, https:\/\/cevizbasim.com\/wp-content\/uploads\/2025\/02\/kase-1-1536x820.jpg 1536w\" sizes=\"(max-width: 2048px) 100vw, 2048px\" \/>\t\t\t\t\t\t\t\t\t\t\t\t\t\t\t<\/div>\n\t\t\t\t<\/div>\n\t\t\t\t\t<\/div>\n\t\t<\/div>\n\t\t\t\t<div class=\"elementor-column elementor-col-50 elementor-top-column elementor-element elementor-element-ce1cc11\" data-id=\"ce1cc11\" data-element_type=\"column\">\n\t\t\t<div class=\"elementor-widget-wrap elementor-element-populated\">\n\t\t\t\t\t\t<div class=\"elementor-element elementor-element-04ac16b elementor-widget elementor-widget-heading\" data-id=\"04ac16b\" data-element_type=\"widget\" data-widget_type=\"heading.default\">\n\t\t\t\t<div class=\"elementor-widget-container\">\n\t\t\t\t\t<h4 class=\"elementor-heading-title elementor-size-default\">Ka\u015fe,\u00a0profesyonel ve ki\u015fisel kimli\u011finizi yans\u0131tan \u00f6zel m\u00fch\u00fcrlerdir.\u00a0<\/h4>\t\t\t\t<\/div>\n\t\t\t\t<\/div>\n\t\t\t\t<div class=\"elementor-element elementor-element-40bac31 elementor-widget elementor-widget-heading\" data-id=\"40bac31\" data-element_type=\"widget\" data-widget_type=\"heading.default\">\n\t\t\t\t<div class=\"elementor-widget-container\">\n\t\t\t\t\t<h3 class=\"elementor-heading-title elementor-size-default\">Ka\u015fe<\/h3>\t\t\t\t<\/div>\n\t\t\t\t<\/div>\n\t\t\t\t\t<\/div>\n\t\t<\/div>\n\t\t\t\t\t<\/div>\n\t\t<\/section>\n\t\t\t\t<section class=\"elementor-section elementor-top-section elementor-element elementor-element-46a11d4 elementor-section-stretched elementor-section-boxed elementor-section-height-default elementor-section-height-default\" data-id=\"46a11d4\" data-element_type=\"section\" data-settings=\"{&quot;stretch_section&quot;:&quot;section-stretched&quot;,&quot;background_background&quot;:&quot;classic&quot;}\">\n\t\t\t\t\t\t<div class=\"elementor-container elementor-column-gap-no\">\n\t\t\t\t\t<div class=\"elementor-column elementor-col-50 elementor-top-column elementor-element elementor-element-2830bb9\" data-id=\"2830bb9\" data-element_type=\"column\">\n\t\t\t<div class=\"elementor-widget-wrap elementor-element-populated\">\n\t\t\t\t\t\t<div class=\"elementor-element elementor-element-bd3859a elementor-widget elementor-widget-heading\" data-id=\"bd3859a\" data-element_type=\"widget\" data-widget_type=\"heading.default\">\n\t\t\t\t<div class=\"elementor-widget-container\">\n\t\t\t\t\t<h4 class=\"elementor-heading-title elementor-size-default\">Avukat Ka\u015fesi, Doktor Ka\u015fesi, K\u0131yafet Ka\u015fesi, Firma Ka\u015fesi, \u015eirket Ka\u015fesi\n<\/h4>\t\t\t\t<\/div>\n\t\t\t\t<\/div>\n\t\t\t\t<div class=\"elementor-element elementor-element-5cd6219 elementor-widget elementor-widget-heading\" data-id=\"5cd6219\" data-element_type=\"widget\" data-widget_type=\"heading.default\">\n\t\t\t\t<div class=\"elementor-widget-container\">\n\t\t\t\t\t<h3 class=\"elementor-heading-title elementor-size-default\">Ka\u015fe<\/h3>\t\t\t\t<\/div>\n\t\t\t\t<\/div>\n\t\t\t\t<div class=\"elementor-element elementor-element-955538e elementor-widget elementor-widget-text-editor\" data-id=\"955538e\" data-element_type=\"widget\" data-widget_type=\"text-editor.default\">\n\t\t\t\t<div class=\"elementor-widget-container\">\n\t\t\t\t\t\t\t\t\t<p><strong>Ka\u015fe<\/strong>,\u00a0profesyonel ve ki\u015fisel kimli\u011finizi yans\u0131tan \u00f6zel m\u00fch\u00fcrlerdir.\u00a0<strong>Avukat ka\u015fesi,<\/strong><strong>\u00a0doktor ka\u015fesi,<\/strong><strong>\u00a0k\u0131yafet ka\u015fesi<\/strong>\u00a0gibi bir\u00e7ok farkl\u0131 alanda kullan\u0131l\u0131r.\u00a0<strong>Firma ka\u015fesi,<\/strong><strong>\u00a0\u015firket ka\u015fesi<\/strong>\u00a0ile belgelerinizi g\u00fcvence alt\u0131na al\u0131n.<strong>\u00a0\u00dcnvan ka\u015fesi<\/strong>\u00a0ve\u00a0<strong>imza ka\u015fesi<\/strong>\u00a0ile resmi yaz\u0131\u015fmalar\u0131n\u0131z\u0131 ki\u015fiselle\u015ftirin.\u00a0Tekstil sekt\u00f6r\u00fcnde kullan\u0131lan\u00a0<strong>k\u0131yafet ka\u015fesi<\/strong>\u00a0ve\u00a0<strong>tekstil ka\u015fesi<\/strong>\u00a0ile \u00fcr\u00fcnlerinizi etiketleyin.\u00a0T\u00fcm\u00a0<strong>ka\u015fe<\/strong>\u00a0ihtiya\u00e7lar\u0131n\u0131z i\u00e7in do\u011fru adrestesiniz.<\/p><p>\u00d6zel ve resmi i\u015flerde kullan\u0131lan, \u00fczerinde i\u015f yeri ve kurum bilgileri bulunan ve bu bilgileri ka\u011f\u0131da bask\u0131 yaparak tekrar tekrar yaz\u0131lmas\u0131n\u0131 kolayla\u015ft\u0131ran \u00e7e\u015fitli bi\u00e7imlerde lastik ve kau\u00e7uk \u00fczerine yaz\u0131lm\u0131\u015f, tutamakl\u0131 gere\u00e7, m\u00fch\u00fcr, damga.<br \/>Tek renk ve renkli ka\u015fe okunabilir bask\u0131 olu\u015fturmak a\u00e7\u0131s\u0131ndan m\u00fckemmel bir sistemdir.\u00c7ok adetli bask\u0131 al\u0131nan hastane,otel, havayolu firmalar\u0131, lojistik firmalar\u0131, ileti\u015fim sekt\u00f6r\u00fcndeki firmalar v.b\u2026 bir\u00e7ok sekt\u00f6rde bask\u0131 kalitesinden \u00f6d\u00fcn vermeden uzun s\u00fcre kullan\u0131labilir.<\/p>\t\t\t\t\t\t\t\t<\/div>\n\t\t\t\t<\/div>\n\t\t\t\t<div class=\"elementor-element elementor-element-936357a elementor-widget elementor-widget-text-editor\" data-id=\"936357a\" data-element_type=\"widget\" data-widget_type=\"text-editor.default\">\n\t\t\t\t<div class=\"elementor-widget-container\">\n\t\t\t\t\t\t\t\t\t<div class=\"elementor-element elementor-element-7a37821 elementor-widget elementor-widget-text-editor\" data-id=\"7a37821\" data-element_type=\"widget\" data-settings=\"{&quot;navigation&quot;:&quot;both&quot;}\" data-widget_type=\"text-editor.default\"><div class=\"elementor-widget-container\"><h3 class=\"elementor-heading-title elementor-size-default\">Ka\u015fe \u00c7e\u015fitleri:<\/h3><ul class=\"ul1\"><li class=\"li2\"><span class=\"s3\">Avukat Ka\u015fesi<\/span><\/li><li class=\"li2\"><span class=\"s3\">Doktor Ka\u015fesi<\/span><\/li><li class=\"li2\"><span class=\"s3\">K\u0131yafet Ka\u015fesi<\/span><\/li><li class=\"li2\"><span class=\"s3\">Firma Ka\u015fesi<\/span><\/li><li class=\"li2\"><span class=\"s3\">\u015eirket Ka\u015fesi<\/span><\/li><li class=\"li2\"><span class=\"s3\">\u00dcnvan Ka\u015fesi<\/span><\/li><li class=\"li2\"><span class=\"s3\">\u0130mza Ka\u015fesi<\/span><\/li><li class=\"li2\"><span class=\"s3\">AcilKa\u015fe<\/span><\/li><\/ul><\/div><\/div>\t\t\t\t\t\t\t\t<\/div>\n\t\t\t\t<\/div>\n\t\t\t\t\t<\/div>\n\t\t<\/div>\n\t\t\t\t<div class=\"elementor-column elementor-col-50 elementor-top-column elementor-element elementor-element-9f283bb\" data-id=\"9f283bb\" data-element_type=\"column\" data-settings=\"{&quot;background_background&quot;:&quot;classic&quot;}\">\n\t\t\t<div class=\"elementor-widget-wrap elementor-element-populated\">\n\t\t\t\t\t\t<div class=\"elementor-element elementor-element-45ab289 elementor-widget elementor-widget-printify_about_left\" data-id=\"45ab289\" data-element_type=\"widget\" data-widget_type=\"printify_about_left.default\">\n\t\t\t\t<div class=\"elementor-widget-container\">\n\t\t\t\t\t\t\t\n\t\t\n\t\t<section class=\"kuk welcome-section sec-pad\">\n\t\t\t<div class=\"thm-container\">\n\t\t\t\t<div class=\"row\">\n\t\t\t\t\t<div class=\"col-md-12\">\n\t\t\t\t\t\t<div class=\"img-box\">\n\t\t\t\t\t\t\t<div class=\"welcome-img-box\">\n\t\t\t\t\t\t\t\t\t\t\t\t\t\t\t\t<img decoding=\"async\" src=\"https:\/\/cevizbasim.com\/wp-content\/uploads\/2021\/01\/welcome-1-1.jpg\" alt=\"\"\/>\n\t\t\t\t\t\t\t\t\t\t\t\t\t\t\t<\/div><!-- \/.welcome-img-box -->\n\t\t\t\t\t\t\t<div class=\"welcome-img-box-two\">\n\t\t\t\t\t\t\t\t\t\t\t\t\t\t\t\t<img decoding=\"async\" src=\"https:\/\/cevizbasim.com\/wp-content\/uploads\/2025\/02\/KASE_welcome-1-2.jpg\" alt=\"\"\/>\n\t\t\t\t\t\t\t\t\t\t\t\t\t\t\t<\/div>\n\t\t\t\t\t\t<\/div>\n\t\t\t\t\t<\/div>\n\t\t\t\t<\/div>\n\t\t\t<\/div>\n\t\t<\/section>\n                   \n                \n\t\t\t\t\t\t<\/div>\n\t\t\t\t<\/div>\n\t\t\t\t\t<\/div>\n\t\t<\/div>\n\t\t\t\t\t<\/div>\n\t\t<\/section>\n\t\t\t\t<\/div>\n\t\t","protected":false},"excerpt":{"rendered":"<p>Ka\u015fe,\u00a0profesyonel ve ki\u015fisel kimli\u011finizi yans\u0131tan \u00f6zel m\u00fch\u00fcrlerdir.\u00a0 Ka\u015fe Avukat Ka\u015fesi, Doktor Ka\u015fesi, K\u0131yafet Ka\u015fesi, Firma Ka\u015fesi, \u015eirket Ka\u015fesi Ka\u015fe Ka\u015fe,\u00a0profesyonel ve ki\u015fisel kimli\u011finizi yans\u0131tan \u00f6zel m\u00fch\u00fcrlerdir.\u00a0Avukat ka\u015fesi,\u00a0doktor ka\u015fesi,\u00a0k\u0131yafet ka\u015fesi\u00a0gibi bir\u00e7ok farkl\u0131 alanda kullan\u0131l\u0131r.\u00a0Firma ka\u015fesi,\u00a0\u015firket ka\u015fesi\u00a0ile belgelerinizi g\u00fcvence alt\u0131na al\u0131n.\u00a0\u00dcnvan ka\u015fesi\u00a0ve\u00a0imza ka\u015fesi\u00a0ile resmi yaz\u0131\u015fmalar\u0131n\u0131z\u0131 ki\u015fiselle\u015ftirin.\u00a0Tekstil sekt\u00f6r\u00fcnde kullan\u0131lan\u00a0k\u0131yafet ka\u015fesi\u00a0ve\u00a0tekstil ka\u015fesi\u00a0ile \u00fcr\u00fcnlerinizi etiketleyin.\u00a0T\u00fcm\u00a0ka\u015fe\u00a0ihtiya\u00e7lar\u0131n\u0131z i\u00e7in do\u011fru adrestesiniz. \u00d6zel ve [&hellip;]<\/p>\n","protected":false},"author":1,"featured_media":0,"parent":0,"menu_order":0,"comment_status":"closed","ping_status":"closed","template":"elementor_header_footer","meta":{"footnotes":""},"class_list":["post-9106","page","type-page","status-publish","hentry"],"_links":{"self":[{"href":"https:\/\/cevizbasim.com\/index.php?rest_route=\/wp\/v2\/pages\/9106","targetHints":{"allow":["GET"]}}],"collection":[{"href":"https:\/\/cevizbasim.com\/index.php?rest_route=\/wp\/v2\/pages"}],"about":[{"href":"https:\/\/cevizbasim.com\/index.php?rest_route=\/wp\/v2\/types\/page"}],"author":[{"embeddable":true,"href":"https:\/\/cevizbasim.com\/index.php?rest_route=\/wp\/v2\/users\/1"}],"replies":[{"embeddable":true,"href":"https:\/\/cevizbasim.com\/index.php?rest_route=%2Fwp%2Fv2%2Fcomments&post=9106"}],"version-history":[{"count":13,"href":"https:\/\/cevizbasim.com\/index.php?rest_route=\/wp\/v2\/pages\/9106\/revisions"}],"predecessor-version":[{"id":9296,"href":"https:\/\/cevizbasim.com\/index.php?rest_route=\/wp\/v2\/pages\/9106\/revisions\/9296"}],"wp:attachment":[{"href":"https:\/\/cevizbasim.com\/index.php?rest_route=%2Fwp%2Fv2%2Fmedia&parent=9106"}],"curies":[{"name":"wp","href":"https:\/\/api.w.org\/{rel}","templated":true}]}}