{"id":9122,"date":"2025-02-20T11:39:05","date_gmt":"2025-02-20T08:39:05","guid":{"rendered":"https:\/\/elipsdizayn.com\/cevizbasim\/?page_id=9122"},"modified":"2025-02-26T22:28:39","modified_gmt":"2025-02-26T19:28:39","slug":"bayrak","status":"publish","type":"page","link":"https:\/\/cevizbasim.com\/?page_id=9122","title":{"rendered":"Bayrak"},"content":{"rendered":"\t\t<div data-elementor-type=\"wp-page\" data-elementor-id=\"9122\" class=\"elementor elementor-9122\">\n\t\t\t\t\t\t<section class=\"elementor-section elementor-top-section elementor-element elementor-element-19d18ef elementor-section-full_width elementor-section-height-default elementor-section-height-default\" data-id=\"19d18ef\" data-element_type=\"section\">\n\t\t\t\t\t\t<div class=\"elementor-container elementor-column-gap-no\">\n\t\t\t\t\t<div class=\"elementor-column elementor-col-100 elementor-top-column elementor-element elementor-element-d2aa7d4\" data-id=\"d2aa7d4\" data-element_type=\"column\">\n\t\t\t<div class=\"elementor-widget-wrap\">\n\t\t\t\t\t\t\t<\/div>\n\t\t<\/div>\n\t\t\t\t\t<\/div>\n\t\t<\/section>\n\t\t\t\t<section class=\"elementor-section elementor-top-section elementor-element elementor-element-b73a212 elementor-section-stretched elementor-section-full_width elementor-section-height-min-height elementor-section-height-default elementor-section-items-middle\" data-id=\"b73a212\" data-element_type=\"section\" data-settings=\"{&quot;stretch_section&quot;:&quot;section-stretched&quot;,&quot;background_background&quot;:&quot;classic&quot;}\">\n\t\t\t\t\t\t<div class=\"elementor-container elementor-column-gap-no\">\n\t\t\t\t\t<div class=\"elementor-column elementor-col-50 elementor-top-column elementor-element elementor-element-a70749c\" data-id=\"a70749c\" data-element_type=\"column\">\n\t\t\t<div class=\"elementor-widget-wrap elementor-element-populated\">\n\t\t\t\t\t\t<div class=\"elementor-element elementor-element-4d05b8b elementor-widget elementor-widget-image\" data-id=\"4d05b8b\" data-element_type=\"widget\" data-widget_type=\"image.default\">\n\t\t\t\t<div class=\"elementor-widget-container\">\n\t\t\t\t\t\t\t\t\t\t\t\t\t\t\t<img fetchpriority=\"high\" decoding=\"async\" width=\"1000\" height=\"510\" src=\"https:\/\/cevizbasim.com\/wp-content\/uploads\/2025\/02\/image.jpg\" class=\"attachment-2048x2048 size-2048x2048 wp-image-9268\" alt=\"\" srcset=\"https:\/\/cevizbasim.com\/wp-content\/uploads\/2025\/02\/image.jpg 1000w, https:\/\/cevizbasim.com\/wp-content\/uploads\/2025\/02\/image-300x153.jpg 300w, https:\/\/cevizbasim.com\/wp-content\/uploads\/2025\/02\/image-768x392.jpg 768w\" sizes=\"(max-width: 1000px) 100vw, 1000px\" \/>\t\t\t\t\t\t\t\t\t\t\t\t\t\t\t<\/div>\n\t\t\t\t<\/div>\n\t\t\t\t\t<\/div>\n\t\t<\/div>\n\t\t\t\t<div class=\"elementor-column elementor-col-50 elementor-top-column elementor-element elementor-element-f132ec3\" data-id=\"f132ec3\" data-element_type=\"column\">\n\t\t\t<div class=\"elementor-widget-wrap elementor-element-populated\">\n\t\t\t\t\t\t<div class=\"elementor-element elementor-element-487e4de elementor-widget elementor-widget-heading\" data-id=\"487e4de\" data-element_type=\"widget\" data-widget_type=\"heading.default\">\n\t\t\t\t<div class=\"elementor-widget-container\">\n\t\t\t\t\t<h4 class=\"elementor-heading-title elementor-size-default\">Bayrak d\u0131\u015f hava \u015fartlar\u0131na maruz kalan tek tekstil \u00fcr\u00fcn\u00fcd\u00fcr.<\/h4>\t\t\t\t<\/div>\n\t\t\t\t<\/div>\n\t\t\t\t<div class=\"elementor-element elementor-element-0bb9816 elementor-widget elementor-widget-heading\" data-id=\"0bb9816\" data-element_type=\"widget\" data-widget_type=\"heading.default\">\n\t\t\t\t<div class=\"elementor-widget-container\">\n\t\t\t\t\t<h3 class=\"elementor-heading-title elementor-size-default\">Bayrak<\/h3>\t\t\t\t<\/div>\n\t\t\t\t<\/div>\n\t\t\t\t\t<\/div>\n\t\t<\/div>\n\t\t\t\t\t<\/div>\n\t\t<\/section>\n\t\t\t\t<section class=\"elementor-section elementor-top-section elementor-element elementor-element-37337de elementor-section-stretched elementor-section-boxed elementor-section-height-default elementor-section-height-default\" data-id=\"37337de\" data-element_type=\"section\" data-settings=\"{&quot;stretch_section&quot;:&quot;section-stretched&quot;,&quot;background_background&quot;:&quot;classic&quot;}\">\n\t\t\t\t\t\t<div class=\"elementor-container elementor-column-gap-no\">\n\t\t\t\t\t<div class=\"elementor-column elementor-col-50 elementor-top-column elementor-element elementor-element-86c20ef\" data-id=\"86c20ef\" data-element_type=\"column\">\n\t\t\t<div class=\"elementor-widget-wrap elementor-element-populated\">\n\t\t\t\t\t\t<div class=\"elementor-element elementor-element-32904b0 elementor-widget elementor-widget-heading\" data-id=\"32904b0\" data-element_type=\"widget\" data-widget_type=\"heading.default\">\n\t\t\t\t<div class=\"elementor-widget-container\">\n\t\t\t\t\t<h4 class=\"elementor-heading-title elementor-size-default\">Kuma\u015f ve diki\u015f bayrak kalitesinde \u00f6nemlidir.<\/h4>\t\t\t\t<\/div>\n\t\t\t\t<\/div>\n\t\t\t\t<div class=\"elementor-element elementor-element-530d33c elementor-widget elementor-widget-heading\" data-id=\"530d33c\" data-element_type=\"widget\" data-widget_type=\"heading.default\">\n\t\t\t\t<div class=\"elementor-widget-container\">\n\t\t\t\t\t<h3 class=\"elementor-heading-title elementor-size-default\">Bayrak<\/h3>\t\t\t\t<\/div>\n\t\t\t\t<\/div>\n\t\t\t\t<div class=\"elementor-element elementor-element-7b36e63 elementor-widget elementor-widget-text-editor\" data-id=\"7b36e63\" data-element_type=\"widget\" data-widget_type=\"text-editor.default\">\n\t\t\t\t<div class=\"elementor-widget-container\">\n\t\t\t\t\t\t\t\t\t<p>Bayrak d\u0131\u015f hava \u015fartlar\u0131na maruz kalan tek tekstil \u00fcr\u00fcn\u00fcd\u00fcr. Bu da bayra\u011f\u0131n hava kirlili\u011fi, g\u00fcne\u015f \u0131\u015f\u0131\u011f\u0131, ya\u011fmur, f\u0131rt\u0131na, kar gibi hava ko\u015fullar\u0131na dayan\u0131kl\u0131 olmas\u0131n\u0131 gerektirmektedir. Bunun i\u00e7in kuma\u015flar\u0131m\u0131z\u0131, \u015firket olarak birinci s\u0131rada kabul etti\u011fimiz kalite prensibiyle t\u00fcm ko\u015fullara en uzun s\u00fcre dayanabilecek \u015fekilde dokutmaktay\u0131z.<\/p><p>Kuma\u015f ve diki\u015f bayrak kalitesinde \u00f6nemli oldu\u011fu kadar, kullan\u0131lan boya ve yard\u0131mc\u0131 malzemelerin \u00f6nemi de bir o kadar fazlad\u0131r. Yap\u0131lan bask\u0131n\u0131n ya\u011fmurda akmama, g\u00fcne\u015fte solmama ve arka y\u00fcz\u00fcnden net bir \u015fekilde okuma \u00f6zelli\u011fine sahip olmas\u0131 gerekmektedir. Bu do\u011frultuda kulland\u0131\u011f\u0131m\u0131z boya ve yard\u0131mc\u0131 malzemelerin kalitesine \u00f6nem vererek, avrupa standartlar\u0131nda bayrak \u00fcretimi yapmaktay\u0131z.<\/p><p>\u015eirket olarak amac\u0131m\u0131z m\u00fc\u015fteri memnuniyetinin en \u00fcst d\u00fczeyde olmas\u0131 ve bunun uzun vadede bize kazand\u0131raca\u011f\u0131 prestiji y\u0131llarca g\u00fcven ve kaliteyle koruyarak \u00fcretim yapmakt\u0131r.Vizyonumuz; M\u00fc\u015fteri odakl\u0131 bir yakla\u015f\u0131mla T\u00fcrkiye&#8217;de bayrak \u00fcretim sekt\u00f6r\u00fcnde yer ald\u0131\u011f\u0131m\u0131z markalarla &#8216;lider grup&#8217; konumuna eri\u015fmektir.Tan\u0131t\u0131m Bayrak her \u00e7e\u015fit bayrak ihtiyac\u0131n\u0131z i\u00e7in kaliteli ve h\u0131zl\u0131 \u00e7\u00f6z\u00fcmler sunar\u2026<\/p>\t\t\t\t\t\t\t\t<\/div>\n\t\t\t\t<\/div>\n\t\t\t\t\t<\/div>\n\t\t<\/div>\n\t\t\t\t<div class=\"elementor-column elementor-col-50 elementor-top-column elementor-element elementor-element-0401bba\" data-id=\"0401bba\" data-element_type=\"column\" data-settings=\"{&quot;background_background&quot;:&quot;classic&quot;}\">\n\t\t\t<div class=\"elementor-widget-wrap elementor-element-populated\">\n\t\t\t\t\t\t<div class=\"elementor-element elementor-element-7bdb423 elementor-widget elementor-widget-printify_about_left\" data-id=\"7bdb423\" data-element_type=\"widget\" data-widget_type=\"printify_about_left.default\">\n\t\t\t\t<div class=\"elementor-widget-container\">\n\t\t\t\t\t\t\t\n\t\t\n\t\t<section class=\"kuk welcome-section sec-pad\">\n\t\t\t<div class=\"thm-container\">\n\t\t\t\t<div class=\"row\">\n\t\t\t\t\t<div class=\"col-md-12\">\n\t\t\t\t\t\t<div class=\"img-box\">\n\t\t\t\t\t\t\t<div class=\"welcome-img-box\">\n\t\t\t\t\t\t\t\t\t\t\t\t\t\t\t\t<img decoding=\"async\" src=\"https:\/\/cevizbasim.com\/wp-content\/uploads\/2021\/01\/welcome-1-1.jpg\" alt=\"\"\/>\n\t\t\t\t\t\t\t\t\t\t\t\t\t\t\t<\/div><!-- \/.welcome-img-box -->\n\t\t\t\t\t\t\t<div class=\"welcome-img-box-two\">\n\t\t\t\t\t\t\t\t\t\t\t\t\t\t\t\t<img decoding=\"async\" src=\"https:\/\/cevizbasim.com\/wp-content\/uploads\/2025\/02\/BAYRAK-welcome-1-2.jpg\" alt=\"\"\/>\n\t\t\t\t\t\t\t\t\t\t\t\t\t\t\t<\/div>\n\t\t\t\t\t\t<\/div>\n\t\t\t\t\t<\/div>\n\t\t\t\t<\/div>\n\t\t\t<\/div>\n\t\t<\/section>\n                   \n                \n\t\t\t\t\t\t<\/div>\n\t\t\t\t<\/div>\n\t\t\t\t\t<\/div>\n\t\t<\/div>\n\t\t\t\t\t<\/div>\n\t\t<\/section>\n\t\t\t\t<\/div>\n\t\t","protected":false},"excerpt":{"rendered":"<p>Bayrak d\u0131\u015f hava \u015fartlar\u0131na maruz kalan tek tekstil \u00fcr\u00fcn\u00fcd\u00fcr. Bayrak Kuma\u015f ve diki\u015f bayrak kalitesinde \u00f6nemlidir. Bayrak Bayrak d\u0131\u015f hava \u015fartlar\u0131na maruz kalan tek tekstil \u00fcr\u00fcn\u00fcd\u00fcr. Bu da bayra\u011f\u0131n hava kirlili\u011fi, g\u00fcne\u015f \u0131\u015f\u0131\u011f\u0131, ya\u011fmur, f\u0131rt\u0131na, kar gibi hava ko\u015fullar\u0131na dayan\u0131kl\u0131 olmas\u0131n\u0131 gerektirmektedir. Bunun i\u00e7in kuma\u015flar\u0131m\u0131z\u0131, \u015firket olarak birinci s\u0131rada kabul etti\u011fimiz kalite prensibiyle t\u00fcm ko\u015fullara [&hellip;]<\/p>\n","protected":false},"author":1,"featured_media":0,"parent":0,"menu_order":0,"comment_status":"closed","ping_status":"closed","template":"elementor_header_footer","meta":{"footnotes":""},"class_list":["post-9122","page","type-page","status-publish","hentry"],"_links":{"self":[{"href":"https:\/\/cevizbasim.com\/index.php?rest_route=\/wp\/v2\/pages\/9122","targetHints":{"allow":["GET"]}}],"collection":[{"href":"https:\/\/cevizbasim.com\/index.php?rest_route=\/wp\/v2\/pages"}],"about":[{"href":"https:\/\/cevizbasim.com\/index.php?rest_route=\/wp\/v2\/types\/page"}],"author":[{"embeddable":true,"href":"https:\/\/cevizbasim.com\/index.php?rest_route=\/wp\/v2\/users\/1"}],"replies":[{"embeddable":true,"href":"https:\/\/cevizbasim.com\/index.php?rest_route=%2Fwp%2Fv2%2Fcomments&post=9122"}],"version-history":[{"count":10,"href":"https:\/\/cevizbasim.com\/index.php?rest_route=\/wp\/v2\/pages\/9122\/revisions"}],"predecessor-version":[{"id":9275,"href":"https:\/\/cevizbasim.com\/index.php?rest_route=\/wp\/v2\/pages\/9122\/revisions\/9275"}],"wp:attachment":[{"href":"https:\/\/cevizbasim.com\/index.php?rest_route=%2Fwp%2Fv2%2Fmedia&parent=9122"}],"curies":[{"name":"wp","href":"https:\/\/api.w.org\/{rel}","templated":true}]}}