{"id":9128,"date":"2025-02-20T11:40:30","date_gmt":"2025-02-20T08:40:30","guid":{"rendered":"https:\/\/elipsdizayn.com\/cevizbasim\/?page_id=9128"},"modified":"2025-02-26T16:50:20","modified_gmt":"2025-02-26T13:50:20","slug":"lazer-markalama","status":"publish","type":"page","link":"https:\/\/cevizbasim.com\/?page_id=9128","title":{"rendered":"Lazer Markalama"},"content":{"rendered":"\t\t<div data-elementor-type=\"wp-page\" data-elementor-id=\"9128\" class=\"elementor elementor-9128\">\n\t\t\t\t\t\t<section class=\"elementor-section elementor-top-section elementor-element elementor-element-1d99552 elementor-section-full_width elementor-section-height-default elementor-section-height-default\" data-id=\"1d99552\" data-element_type=\"section\">\n\t\t\t\t\t\t<div class=\"elementor-container elementor-column-gap-no\">\n\t\t\t\t\t<div class=\"elementor-column elementor-col-100 elementor-top-column elementor-element elementor-element-7f938dc\" data-id=\"7f938dc\" data-element_type=\"column\">\n\t\t\t<div class=\"elementor-widget-wrap\">\n\t\t\t\t\t\t\t<\/div>\n\t\t<\/div>\n\t\t\t\t\t<\/div>\n\t\t<\/section>\n\t\t\t\t<section class=\"elementor-section elementor-top-section elementor-element elementor-element-47faf02 elementor-section-stretched elementor-section-full_width elementor-section-height-min-height elementor-section-height-default elementor-section-items-middle\" data-id=\"47faf02\" data-element_type=\"section\" data-settings=\"{&quot;stretch_section&quot;:&quot;section-stretched&quot;,&quot;background_background&quot;:&quot;classic&quot;}\">\n\t\t\t\t\t\t<div class=\"elementor-container elementor-column-gap-no\">\n\t\t\t\t\t<div class=\"elementor-column elementor-col-50 elementor-top-column elementor-element elementor-element-0ee804c\" data-id=\"0ee804c\" data-element_type=\"column\">\n\t\t\t<div class=\"elementor-widget-wrap elementor-element-populated\">\n\t\t\t\t\t\t<div class=\"elementor-element elementor-element-a39a1fd elementor-widget elementor-widget-image\" data-id=\"a39a1fd\" data-element_type=\"widget\" data-widget_type=\"image.default\">\n\t\t\t\t<div class=\"elementor-widget-container\">\n\t\t\t\t\t\t\t\t\t\t\t\t\t\t\t<img fetchpriority=\"high\" decoding=\"async\" width=\"1920\" height=\"1080\" src=\"https:\/\/cevizbasim.com\/wp-content\/uploads\/2025\/02\/lazer-markalama-makinesi.webp\" class=\"attachment-2048x2048 size-2048x2048 wp-image-9251\" alt=\"\" srcset=\"https:\/\/cevizbasim.com\/wp-content\/uploads\/2025\/02\/lazer-markalama-makinesi.webp 1920w, https:\/\/cevizbasim.com\/wp-content\/uploads\/2025\/02\/lazer-markalama-makinesi-300x169.webp 300w, https:\/\/cevizbasim.com\/wp-content\/uploads\/2025\/02\/lazer-markalama-makinesi-1024x576.webp 1024w, https:\/\/cevizbasim.com\/wp-content\/uploads\/2025\/02\/lazer-markalama-makinesi-768x432.webp 768w, https:\/\/cevizbasim.com\/wp-content\/uploads\/2025\/02\/lazer-markalama-makinesi-1536x864.webp 1536w\" sizes=\"(max-width: 1920px) 100vw, 1920px\" \/>\t\t\t\t\t\t\t\t\t\t\t\t\t\t\t<\/div>\n\t\t\t\t<\/div>\n\t\t\t\t\t<\/div>\n\t\t<\/div>\n\t\t\t\t<div class=\"elementor-column elementor-col-50 elementor-top-column elementor-element elementor-element-5e7703e\" data-id=\"5e7703e\" data-element_type=\"column\">\n\t\t\t<div class=\"elementor-widget-wrap elementor-element-populated\">\n\t\t\t\t\t\t<div class=\"elementor-element elementor-element-0024f7f elementor-widget elementor-widget-heading\" data-id=\"0024f7f\" data-element_type=\"widget\" data-widget_type=\"heading.default\">\n\t\t\t\t<div class=\"elementor-widget-container\">\n\t\t\t\t\t<h4 class=\"elementor-heading-title elementor-size-default\">Metal, plastik, cam, ta\u015f ve seramik...<\/h4>\t\t\t\t<\/div>\n\t\t\t\t<\/div>\n\t\t\t\t<div class=\"elementor-element elementor-element-9279d39 elementor-widget elementor-widget-heading\" data-id=\"9279d39\" data-element_type=\"widget\" data-widget_type=\"heading.default\">\n\t\t\t\t<div class=\"elementor-widget-container\">\n\t\t\t\t\t<h3 class=\"elementor-heading-title elementor-size-default\">Lazer Markalama<\/h3>\t\t\t\t<\/div>\n\t\t\t\t<\/div>\n\t\t\t\t\t<\/div>\n\t\t<\/div>\n\t\t\t\t\t<\/div>\n\t\t<\/section>\n\t\t\t\t<section class=\"elementor-section elementor-top-section elementor-element elementor-element-b65b198 elementor-section-stretched elementor-section-boxed elementor-section-height-default elementor-section-height-default\" data-id=\"b65b198\" data-element_type=\"section\" data-settings=\"{&quot;stretch_section&quot;:&quot;section-stretched&quot;,&quot;background_background&quot;:&quot;classic&quot;}\">\n\t\t\t\t\t\t<div class=\"elementor-container elementor-column-gap-no\">\n\t\t\t\t\t<div class=\"elementor-column elementor-col-50 elementor-top-column elementor-element elementor-element-3d3b86d\" data-id=\"3d3b86d\" data-element_type=\"column\">\n\t\t\t<div class=\"elementor-widget-wrap elementor-element-populated\">\n\t\t\t\t\t\t<div class=\"elementor-element elementor-element-071d151 elementor-widget elementor-widget-heading\" data-id=\"071d151\" data-element_type=\"widget\" data-widget_type=\"heading.default\">\n\t\t\t\t<div class=\"elementor-widget-container\">\n\t\t\t\t\t<h4 class=\"elementor-heading-title elementor-size-default\">Lazer markalama geni\u015f bir malzeme yelpazesine uygundur.<\/h4>\t\t\t\t<\/div>\n\t\t\t\t<\/div>\n\t\t\t\t<div class=\"elementor-element elementor-element-3319701 elementor-widget elementor-widget-heading\" data-id=\"3319701\" data-element_type=\"widget\" data-widget_type=\"heading.default\">\n\t\t\t\t<div class=\"elementor-widget-container\">\n\t\t\t\t\t<h3 class=\"elementor-heading-title elementor-size-default\">Lazer Markalama Makineleri\n<\/h3>\t\t\t\t<\/div>\n\t\t\t\t<\/div>\n\t\t\t\t<div class=\"elementor-element elementor-element-a370612 elementor-widget elementor-widget-text-editor\" data-id=\"a370612\" data-element_type=\"widget\" data-widget_type=\"text-editor.default\">\n\t\t\t\t<div class=\"elementor-widget-container\">\n\t\t\t\t\t\t\t\t\t<div class=\"elementor-toggle-item\"><p><strong><a class=\"elementor-toggle-title\" tabindex=\"0\">Lazer markalama nedir ve nas\u0131l \u00e7al\u0131\u015f\u0131r?<\/a><\/strong><\/p><div id=\"elementor-tab-content-2271\" class=\"elementor-tab-content elementor-clearfix elementor-active\" role=\"region\" data-tab=\"1\" aria-labelledby=\"elementor-tab-title-2271\"><p>Lazer markalama, y\u00fcksek enerjili lazer \u0131\u015f\u0131nlar\u0131 kullanarak malzemelerin y\u00fczeyine kal\u0131c\u0131 i\u015faretler yapma i\u015flemidir. Lazer \u0131\u015f\u0131n\u0131, malzemenin y\u00fczeyini belirli bir desene g\u00f6re i\u015fleyerek yaz\u0131, logo veya barkod gibi i\u015faretler olu\u015fturur.<\/p><\/div><\/div>\t\t\t\t\t\t\t\t<\/div>\n\t\t\t\t<\/div>\n\t\t\t\t<div class=\"elementor-element elementor-element-75c6c49 elementor-widget elementor-widget-text-editor\" data-id=\"75c6c49\" data-element_type=\"widget\" data-widget_type=\"text-editor.default\">\n\t\t\t\t<div class=\"elementor-widget-container\">\n\t\t\t\t\t\t\t\t\t<div class=\"elementor-toggle-item\"><p><strong><a class=\"elementor-toggle-title\" tabindex=\"0\">Hangi t\u00fcr malzemeler \u00fczerinde lazer markalama yap\u0131labilir?<\/a><\/strong><\/p><div id=\"elementor-tab-content-2271\" class=\"elementor-tab-content elementor-clearfix elementor-active\" role=\"region\" data-tab=\"1\" aria-labelledby=\"elementor-tab-title-2271\"><p>Lazer markalama geni\u015f bir malzeme yelpazesine uygundur. Metal, plastik, cam, ta\u015f ve seramik gibi bir\u00e7ok malzeme \u00fczerinde etkili markalama sa\u011flar.<\/p><\/div><\/div>\t\t\t\t\t\t\t\t<\/div>\n\t\t\t\t<\/div>\n\t\t\t\t<div class=\"elementor-element elementor-element-f1a9c97 elementor-widget elementor-widget-text-editor\" data-id=\"f1a9c97\" data-element_type=\"widget\" data-widget_type=\"text-editor.default\">\n\t\t\t\t<div class=\"elementor-widget-container\">\n\t\t\t\t\t\t\t\t\t<div class=\"elementor-toggle-item\"><p><strong><a class=\"elementor-toggle-title\" tabindex=\"0\">Lazer markalama makineleri hangi end\u00fcstrilerde kullan\u0131l\u0131r?<\/a><\/strong><\/p><div id=\"elementor-tab-content-2271\" class=\"elementor-tab-content elementor-clearfix elementor-active\" role=\"region\" data-tab=\"1\" aria-labelledby=\"elementor-tab-title-2271\"><p>Lazer markalama makineleri, otomotiv, elektronik, medikal, tak\u0131, ambalaj ve daha bir\u00e7ok end\u00fcstride yayg\u0131n olarak kullan\u0131l\u0131r. \u00dcr\u00fcn takibinden kalite kontrol\u00fcne kadar bir\u00e7ok uygulamada kullan\u0131l\u0131r.<\/p><\/div><\/div>\t\t\t\t\t\t\t\t<\/div>\n\t\t\t\t<\/div>\n\t\t\t\t<div class=\"elementor-element elementor-element-89bbf92 elementor-widget elementor-widget-text-editor\" data-id=\"89bbf92\" data-element_type=\"widget\" data-widget_type=\"text-editor.default\">\n\t\t\t\t<div class=\"elementor-widget-container\">\n\t\t\t\t\t\t\t\t\t<div class=\"elementor-toggle-item\"><p><strong><a class=\"elementor-toggle-title\" tabindex=\"0\">Lazer markalama s\u00fcreci g\u00fcvenli midir?<\/a><\/strong><\/p><div id=\"elementor-tab-content-2271\" class=\"elementor-tab-content elementor-clearfix elementor-active\" role=\"region\" data-tab=\"1\" aria-labelledby=\"elementor-tab-title-2271\"><p>Evet, lazer markalama makineleri genellikle g\u00fcvenli ve \u00e7evre dostudur. Optik g\u00fcvenlik \u00f6nlemleriyle donat\u0131lm\u0131\u015flard\u0131r ve \u00e7al\u0131\u015fma s\u0131ras\u0131nda zararl\u0131 maddeleri yaymazlar.<\/p><\/div><\/div>\t\t\t\t\t\t\t\t<\/div>\n\t\t\t\t<\/div>\n\t\t\t\t<div class=\"elementor-element elementor-element-ec3d5ef elementor-widget elementor-widget-text-editor\" data-id=\"ec3d5ef\" data-element_type=\"widget\" data-widget_type=\"text-editor.default\">\n\t\t\t\t<div class=\"elementor-widget-container\">\n\t\t\t\t\t\t\t\t\t<div class=\"elementor-toggle-item\"><p><strong><a class=\"elementor-toggle-title\" tabindex=\"0\">Markalama makineleri ne t\u00fcr bilgisayar dosyalar\u0131n\u0131 destekler?<\/a><\/strong><\/p><div id=\"elementor-tab-content-2271\" class=\"elementor-tab-content elementor-clearfix elementor-active\" role=\"region\" data-tab=\"1\" aria-labelledby=\"elementor-tab-title-2271\"><p>Genellikle lazer markalama makineleri vekt\u00f6r tabanl\u0131 grafik dosyalar\u0131n\u0131 destekler. DXF, AI veya SVG gibi formatlardaki dosyalar kullan\u0131larak tasarlanan grafikler do\u011frudan markalama i\u015flemine uygulanabilir.<\/p><\/div><\/div>\t\t\t\t\t\t\t\t<\/div>\n\t\t\t\t<\/div>\n\t\t\t\t\t<\/div>\n\t\t<\/div>\n\t\t\t\t<div class=\"elementor-column elementor-col-50 elementor-top-column elementor-element elementor-element-61951f9\" data-id=\"61951f9\" data-element_type=\"column\" data-settings=\"{&quot;background_background&quot;:&quot;classic&quot;}\">\n\t\t\t<div class=\"elementor-widget-wrap elementor-element-populated\">\n\t\t\t\t\t\t<div class=\"elementor-element elementor-element-7a0a8d9 elementor-widget elementor-widget-printify_about_left\" data-id=\"7a0a8d9\" data-element_type=\"widget\" data-widget_type=\"printify_about_left.default\">\n\t\t\t\t<div class=\"elementor-widget-container\">\n\t\t\t\t\t\t\t\n\t\t\n\t\t<section class=\"kuk welcome-section sec-pad\">\n\t\t\t<div class=\"thm-container\">\n\t\t\t\t<div class=\"row\">\n\t\t\t\t\t<div class=\"col-md-12\">\n\t\t\t\t\t\t<div class=\"img-box\">\n\t\t\t\t\t\t\t<div class=\"welcome-img-box\">\n\t\t\t\t\t\t\t\t\t\t\t\t\t\t\t\t<img decoding=\"async\" src=\"https:\/\/cevizbasim.com\/wp-content\/uploads\/2021\/01\/welcome-1-1.jpg\" alt=\"\"\/>\n\t\t\t\t\t\t\t\t\t\t\t\t\t\t\t<\/div><!-- \/.welcome-img-box -->\n\t\t\t\t\t\t\t<div class=\"welcome-img-box-two\">\n\t\t\t\t\t\t\t\t\t\t\t\t\t\t\t\t<img decoding=\"async\" src=\"https:\/\/cevizbasim.com\/wp-content\/uploads\/2025\/02\/LAZER-markalam-welcome-1-2.jpg\" alt=\"\"\/>\n\t\t\t\t\t\t\t\t\t\t\t\t\t\t\t<\/div>\n\t\t\t\t\t\t<\/div>\n\t\t\t\t\t<\/div>\n\t\t\t\t<\/div>\n\t\t\t<\/div>\n\t\t<\/section>\n                   \n                \n\t\t\t\t\t\t<\/div>\n\t\t\t\t<\/div>\n\t\t\t\t\t<\/div>\n\t\t<\/div>\n\t\t\t\t\t<\/div>\n\t\t<\/section>\n\t\t\t\t<\/div>\n\t\t","protected":false},"excerpt":{"rendered":"<p>Metal, plastik, cam, ta\u015f ve seramik&#8230; Lazer Markalama Lazer markalama geni\u015f bir malzeme yelpazesine uygundur. Lazer Markalama Makineleri Lazer markalama nedir ve nas\u0131l \u00e7al\u0131\u015f\u0131r? Lazer markalama, y\u00fcksek enerjili lazer \u0131\u015f\u0131nlar\u0131 kullanarak malzemelerin y\u00fczeyine kal\u0131c\u0131 i\u015faretler yapma i\u015flemidir. Lazer \u0131\u015f\u0131n\u0131, malzemenin y\u00fczeyini belirli bir desene g\u00f6re i\u015fleyerek yaz\u0131, logo veya barkod gibi i\u015faretler olu\u015fturur. Hangi t\u00fcr [&hellip;]<\/p>\n","protected":false},"author":1,"featured_media":0,"parent":0,"menu_order":0,"comment_status":"closed","ping_status":"closed","template":"elementor_header_footer","meta":{"footnotes":""},"class_list":["post-9128","page","type-page","status-publish","hentry"],"_links":{"self":[{"href":"https:\/\/cevizbasim.com\/index.php?rest_route=\/wp\/v2\/pages\/9128","targetHints":{"allow":["GET"]}}],"collection":[{"href":"https:\/\/cevizbasim.com\/index.php?rest_route=\/wp\/v2\/pages"}],"about":[{"href":"https:\/\/cevizbasim.com\/index.php?rest_route=\/wp\/v2\/types\/page"}],"author":[{"embeddable":true,"href":"https:\/\/cevizbasim.com\/index.php?rest_route=\/wp\/v2\/users\/1"}],"replies":[{"embeddable":true,"href":"https:\/\/cevizbasim.com\/index.php?rest_route=%2Fwp%2Fv2%2Fcomments&post=9128"}],"version-history":[{"count":13,"href":"https:\/\/cevizbasim.com\/index.php?rest_route=\/wp\/v2\/pages\/9128\/revisions"}],"predecessor-version":[{"id":9254,"href":"https:\/\/cevizbasim.com\/index.php?rest_route=\/wp\/v2\/pages\/9128\/revisions\/9254"}],"wp:attachment":[{"href":"https:\/\/cevizbasim.com\/index.php?rest_route=%2Fwp%2Fv2%2Fmedia&parent=9128"}],"curies":[{"name":"wp","href":"https:\/\/api.w.org\/{rel}","templated":true}]}}