{"id":9319,"date":"2025-02-28T10:45:42","date_gmt":"2025-02-28T07:45:42","guid":{"rendered":"https:\/\/elipsdizayn.com\/cevizbasim\/?page_id=9319"},"modified":"2025-02-28T10:54:57","modified_gmt":"2025-02-28T07:54:57","slug":"reklam","status":"publish","type":"page","link":"https:\/\/cevizbasim.com\/?page_id=9319","title":{"rendered":"Reklam"},"content":{"rendered":"\t\t<div data-elementor-type=\"wp-page\" data-elementor-id=\"9319\" class=\"elementor elementor-9319\">\n\t\t\t\t\t\t<section class=\"elementor-section elementor-top-section elementor-element elementor-element-faf1cb3 elementor-section-full_width elementor-section-height-default elementor-section-height-default\" data-id=\"faf1cb3\" data-element_type=\"section\">\n\t\t\t\t\t\t<div class=\"elementor-container elementor-column-gap-no\">\n\t\t\t\t\t<div class=\"elementor-column elementor-col-100 elementor-top-column elementor-element elementor-element-bc66b25\" data-id=\"bc66b25\" data-element_type=\"column\">\n\t\t\t<div class=\"elementor-widget-wrap\">\n\t\t\t\t\t\t\t<\/div>\n\t\t<\/div>\n\t\t\t\t\t<\/div>\n\t\t<\/section>\n\t\t\t\t<section class=\"elementor-section elementor-top-section elementor-element elementor-element-2512d97 elementor-section-stretched elementor-section-full_width elementor-section-height-min-height elementor-section-height-default elementor-section-items-middle\" data-id=\"2512d97\" data-element_type=\"section\" data-settings=\"{&quot;stretch_section&quot;:&quot;section-stretched&quot;,&quot;background_background&quot;:&quot;classic&quot;}\">\n\t\t\t\t\t\t<div class=\"elementor-container elementor-column-gap-no\">\n\t\t\t\t\t<div class=\"elementor-column elementor-col-50 elementor-top-column elementor-element elementor-element-1e4e503\" data-id=\"1e4e503\" data-element_type=\"column\">\n\t\t\t<div class=\"elementor-widget-wrap elementor-element-populated\">\n\t\t\t\t\t\t<div class=\"elementor-element elementor-element-9459cb5 elementor-widget elementor-widget-image\" data-id=\"9459cb5\" data-element_type=\"widget\" data-widget_type=\"image.default\">\n\t\t\t\t<div class=\"elementor-widget-container\">\n\t\t\t\t\t\t\t\t\t\t\t\t\t\t\t<img fetchpriority=\"high\" decoding=\"async\" width=\"1000\" height=\"453\" src=\"https:\/\/cevizbasim.com\/wp-content\/uploads\/2025\/02\/hizmetler_reklam.jpg\" class=\"attachment-2048x2048 size-2048x2048 wp-image-9200\" alt=\"\" srcset=\"https:\/\/cevizbasim.com\/wp-content\/uploads\/2025\/02\/hizmetler_reklam.jpg 1000w, https:\/\/cevizbasim.com\/wp-content\/uploads\/2025\/02\/hizmetler_reklam-300x136.jpg 300w, https:\/\/cevizbasim.com\/wp-content\/uploads\/2025\/02\/hizmetler_reklam-768x348.jpg 768w\" sizes=\"(max-width: 1000px) 100vw, 1000px\" \/>\t\t\t\t\t\t\t\t\t\t\t\t\t\t\t<\/div>\n\t\t\t\t<\/div>\n\t\t\t\t\t<\/div>\n\t\t<\/div>\n\t\t\t\t<div class=\"elementor-column elementor-col-50 elementor-top-column elementor-element elementor-element-88e7a20\" data-id=\"88e7a20\" data-element_type=\"column\">\n\t\t\t<div class=\"elementor-widget-wrap elementor-element-populated\">\n\t\t\t\t\t\t<div class=\"elementor-element elementor-element-8c85b92 elementor-widget elementor-widget-heading\" data-id=\"8c85b92\" data-element_type=\"widget\" data-widget_type=\"heading.default\">\n\t\t\t\t<div class=\"elementor-widget-container\">\n\t\t\t\t\t<h4 class=\"elementor-heading-title elementor-size-default\">M\u00fc\u015fteriler reklam arac\u0131l\u0131\u011f\u0131yla \u00fcr\u00fcn ya da hizmetten haberdar olur. <\/h4>\t\t\t\t<\/div>\n\t\t\t\t<\/div>\n\t\t\t\t<div class=\"elementor-element elementor-element-df7681b elementor-widget elementor-widget-heading\" data-id=\"df7681b\" data-element_type=\"widget\" data-widget_type=\"heading.default\">\n\t\t\t\t<div class=\"elementor-widget-container\">\n\t\t\t\t\t<h3 class=\"elementor-heading-title elementor-size-default\">Reklam<\/h3>\t\t\t\t<\/div>\n\t\t\t\t<\/div>\n\t\t\t\t\t<\/div>\n\t\t<\/div>\n\t\t\t\t\t<\/div>\n\t\t<\/section>\n\t\t\t\t<section class=\"elementor-section elementor-top-section elementor-element elementor-element-9d0641c elementor-section-stretched elementor-section-boxed elementor-section-height-default elementor-section-height-default\" data-id=\"9d0641c\" data-element_type=\"section\" data-settings=\"{&quot;stretch_section&quot;:&quot;section-stretched&quot;,&quot;background_background&quot;:&quot;classic&quot;}\">\n\t\t\t\t\t\t<div class=\"elementor-container elementor-column-gap-no\">\n\t\t\t\t\t<div class=\"elementor-column elementor-col-50 elementor-top-column elementor-element elementor-element-b620851\" data-id=\"b620851\" data-element_type=\"column\">\n\t\t\t<div class=\"elementor-widget-wrap elementor-element-populated\">\n\t\t\t\t\t\t<div class=\"elementor-element elementor-element-88337f4 elementor-widget elementor-widget-heading\" data-id=\"88337f4\" data-element_type=\"widget\" data-widget_type=\"heading.default\">\n\t\t\t\t<div class=\"elementor-widget-container\">\n\t\t\t\t\t<h4 class=\"elementor-heading-title elementor-size-default\">kreatif, tasar\u0131m, yaz\u0131l\u0131m, i\u00e7erik, sosyal medya ve SEO\n<\/h4>\t\t\t\t<\/div>\n\t\t\t\t<\/div>\n\t\t\t\t<div class=\"elementor-element elementor-element-d90d71c elementor-widget elementor-widget-heading\" data-id=\"d90d71c\" data-element_type=\"widget\" data-widget_type=\"heading.default\">\n\t\t\t\t<div class=\"elementor-widget-container\">\n\t\t\t\t\t<h3 class=\"elementor-heading-title elementor-size-default\">Reklam<\/h3>\t\t\t\t<\/div>\n\t\t\t\t<\/div>\n\t\t\t\t<div class=\"elementor-element elementor-element-3c3ebad elementor-widget elementor-widget-text-editor\" data-id=\"3c3ebad\" data-element_type=\"widget\" data-widget_type=\"text-editor.default\">\n\t\t\t\t<div class=\"elementor-widget-container\">\n\t\t\t\t\t\t\t\t\t<div class=\"elementor-toggle-item\"><div id=\"elementor-tab-content-2271\" class=\"elementor-tab-content elementor-clearfix elementor-active\" role=\"region\" data-tab=\"1\" aria-labelledby=\"elementor-tab-title-2271\"><p>Reklam, bir \u00fcr\u00fcn\u00fcn, imaj\u0131n ya da hizmetin tan\u0131t\u0131m\u0131 i\u00e7in kullan\u0131lan pazarlama ara\u00e7lar\u0131ndan biridir. M\u00fc\u015fteriler reklam arac\u0131l\u0131\u011f\u0131yla \u00fcr\u00fcn ya da hizmetten haberdar olur. B\u00f6ylece reklam\u0131 yap\u0131lan \u00fcr\u00fcn\u00fcn sat\u0131\u015f\u0131n\u0131 artar. \u00d6teden beri bir \u00fcr\u00fcn ya da hizmeti tan\u0131tmak, h\u0131zl\u0131 rekabet ortam\u0131nda rakiplerinden bir ad\u0131m \u00f6nde olacak \u015fekilde m\u00fc\u015fteriyi haberdar etmek, reklam faaliyetleri olmadan imkans\u0131zd\u0131r. Bir markan\u0131n tan\u0131t\u0131m faaliyetlerinin t\u00fcm\u00fcn\u00fcn d\u00fczenlenmesi, reklam ajanslar\u0131 taraf\u0131ndan ger\u00e7ekle\u015ftirilir.\u00a0<strong>Reklam ajans\u0131<\/strong>, m\u00fc\u015fterilerin reklam faaliyetlerini planlayan, olu\u015fturma ve y\u00f6netme sorumlulu\u011funu alan kurulu\u015fa verilen add\u0131r. Reklam kampanyalar\u0131n\u0131n olu\u015fturulmas\u0131yla ilgili hizmetler sa\u011flayan ve ayn\u0131 zamanda m\u00fc\u015fterileri i\u00e7in di\u011fer tan\u0131t\u0131m ve pazarlama bi\u00e7imlerini de \u00fcstlenebilen\u00a0reklam ajanslar\u0131, yarat\u0131c\u0131 ajans olarak da bilinir.<\/p><p>Reklam ajanslar\u0131n\u0131n \u00e7al\u0131\u015fmalar\u0131 kreatif, tasar\u0131m, yaz\u0131l\u0131m, i\u00e7erik, sosyal medya ve SEO gibi farkl\u0131 disiplinlerin bir araya gelmesiyle olu\u015fur. Markalar ilk olarak\u00a0televizyon, radyo reklamlar\u0131 ve gazete-dergi, reklam panolar\u0131ndaki bas\u0131l\u0131 tan\u0131t\u0131mlar i\u00e7in reklam ajanslar\u0131yla \u00e7al\u0131\u015f\u0131rd\u0131. G\u00fcn\u00fcm\u00fczde ise reklam ajanslar\u0131,\u00a0pazarlama\u00a0teknolojilerini kullanarak \u00e7evrimi\u00e7i kampanyalar y\u00fcr\u00fct\u00fcyor. Bu reklam ajanslar\u0131 interaktif, medya veya dijital ajans olarak biliniyor.<\/p><\/div><\/div>\t\t\t\t\t\t\t\t<\/div>\n\t\t\t\t<\/div>\n\t\t\t\t\t<\/div>\n\t\t<\/div>\n\t\t\t\t<div class=\"elementor-column elementor-col-50 elementor-top-column elementor-element elementor-element-58fc976\" data-id=\"58fc976\" data-element_type=\"column\" data-settings=\"{&quot;background_background&quot;:&quot;classic&quot;}\">\n\t\t\t<div class=\"elementor-widget-wrap elementor-element-populated\">\n\t\t\t\t\t\t<div class=\"elementor-element elementor-element-a9ca95f elementor-widget elementor-widget-printify_about_left\" data-id=\"a9ca95f\" data-element_type=\"widget\" data-widget_type=\"printify_about_left.default\">\n\t\t\t\t<div class=\"elementor-widget-container\">\n\t\t\t\t\t\t\t\n\t\t\n\t\t<section class=\"kuk welcome-section sec-pad\">\n\t\t\t<div class=\"thm-container\">\n\t\t\t\t<div class=\"row\">\n\t\t\t\t\t<div class=\"col-md-12\">\n\t\t\t\t\t\t<div class=\"img-box\">\n\t\t\t\t\t\t\t<div class=\"welcome-img-box\">\n\t\t\t\t\t\t\t\t\t\t\t\t\t\t\t\t<img decoding=\"async\" src=\"https:\/\/cevizbasim.com\/wp-content\/uploads\/2021\/01\/welcome-1-1.jpg\" alt=\"\"\/>\n\t\t\t\t\t\t\t\t\t\t\t\t\t\t\t<\/div><!-- \/.welcome-img-box -->\n\t\t\t\t\t\t\t<div class=\"welcome-img-box-two\">\n\t\t\t\t\t\t\t\t\t\t\t\t\t\t\t\t<img decoding=\"async\" src=\"https:\/\/cevizbasim.com\/wp-content\/uploads\/2025\/02\/reklam-welcome-1-2.jpg\" alt=\"\"\/>\n\t\t\t\t\t\t\t\t\t\t\t\t\t\t\t<\/div>\n\t\t\t\t\t\t<\/div>\n\t\t\t\t\t<\/div>\n\t\t\t\t<\/div>\n\t\t\t<\/div>\n\t\t<\/section>\n                   \n                \n\t\t\t\t\t\t<\/div>\n\t\t\t\t<\/div>\n\t\t\t\t\t<\/div>\n\t\t<\/div>\n\t\t\t\t\t<\/div>\n\t\t<\/section>\n\t\t\t\t<\/div>\n\t\t","protected":false},"excerpt":{"rendered":"<p>M\u00fc\u015fteriler reklam arac\u0131l\u0131\u011f\u0131yla \u00fcr\u00fcn ya da hizmetten haberdar olur. Reklam kreatif, tasar\u0131m, yaz\u0131l\u0131m, i\u00e7erik, sosyal medya ve SEO Reklam Reklam, bir \u00fcr\u00fcn\u00fcn, imaj\u0131n ya da hizmetin tan\u0131t\u0131m\u0131 i\u00e7in kullan\u0131lan pazarlama ara\u00e7lar\u0131ndan biridir. M\u00fc\u015fteriler reklam arac\u0131l\u0131\u011f\u0131yla \u00fcr\u00fcn ya da hizmetten haberdar olur. B\u00f6ylece reklam\u0131 yap\u0131lan \u00fcr\u00fcn\u00fcn sat\u0131\u015f\u0131n\u0131 artar. \u00d6teden beri bir \u00fcr\u00fcn ya da hizmeti tan\u0131tmak, [&hellip;]<\/p>\n","protected":false},"author":1,"featured_media":0,"parent":0,"menu_order":0,"comment_status":"closed","ping_status":"closed","template":"elementor_header_footer","meta":{"footnotes":""},"class_list":["post-9319","page","type-page","status-publish","hentry"],"_links":{"self":[{"href":"https:\/\/cevizbasim.com\/index.php?rest_route=\/wp\/v2\/pages\/9319","targetHints":{"allow":["GET"]}}],"collection":[{"href":"https:\/\/cevizbasim.com\/index.php?rest_route=\/wp\/v2\/pages"}],"about":[{"href":"https:\/\/cevizbasim.com\/index.php?rest_route=\/wp\/v2\/types\/page"}],"author":[{"embeddable":true,"href":"https:\/\/cevizbasim.com\/index.php?rest_route=\/wp\/v2\/users\/1"}],"replies":[{"embeddable":true,"href":"https:\/\/cevizbasim.com\/index.php?rest_route=%2Fwp%2Fv2%2Fcomments&post=9319"}],"version-history":[{"count":8,"href":"https:\/\/cevizbasim.com\/index.php?rest_route=\/wp\/v2\/pages\/9319\/revisions"}],"predecessor-version":[{"id":9330,"href":"https:\/\/cevizbasim.com\/index.php?rest_route=\/wp\/v2\/pages\/9319\/revisions\/9330"}],"wp:attachment":[{"href":"https:\/\/cevizbasim.com\/index.php?rest_route=%2Fwp%2Fv2%2Fmedia&parent=9319"}],"curies":[{"name":"wp","href":"https:\/\/api.w.org\/{rel}","templated":true}]}}